{"id":791,"date":"2020-04-09T12:51:53","date_gmt":"2020-04-09T10:51:53","guid":{"rendered":"https:\/\/insidemind.se\/?page_id=791"},"modified":"2020-04-29T12:10:56","modified_gmt":"2020-04-29T10:10:56","slug":"arbetsterapeutisk-bedomning","status":"publish","type":"page","link":"https:\/\/insidemind.se\/en\/arbetsterapeutisk-bedomning\/","title":{"rendered":"Arbetsterapeutisk bed\u00f6mning"},"content":{"rendered":"<p><strong>K\u00e4nner du att din aktivitetsf\u00f6rm\u00e5ga \u00e4r nedsatt?<\/strong><br><strong><br>K\u00e4nner du en begr\u00e4nsning i din sj\u00e4lvst\u00e4ndighet?<\/strong><\/p>\n\n\n\n<p>Arbetsterapeutens huvuduppgift \u00e4r att st\u00f6tta dig med individanpassade \u00e5tg\u00e4rder f\u00f6r att du ska kunna \u00f6ka din aktivitetsf\u00f6rm\u00e5ga och ut\u00f6ka dina begr\u00e4nsningar efter en sjukdom eller skada som medf\u00f6rt en nedsatt f\u00f6rm\u00e5ga att utf\u00f6ra olika aktiviteter.<br><br>Arbetsterapeuten anv\u00e4nder ett flertal olika metoder f\u00f6r att kartl\u00e4gga arbetslivet och vardagen utifr\u00e5n ett psykosocialt perspektiv genom att kartl\u00e4gga egna f\u00f6rm\u00e5gor, vanor och rutiner.<\/p>\n\n\n\n<p><strong>V\u00e5ra arbetsterapeuter ser till hela m\u00e4nniskan och st\u00f6djer dig bland annat med:<\/strong><\/p>\n\n\n\n<ol class=\"wp-block-list\"><li>Ta tillvara dina f\u00f6rm\u00e5gor<\/li><li>Variation i aktivitetsbalans<\/li><li>Tidsuppfattning<\/li><li>Uppr\u00e4tth\u00e5lla aktiviteter<\/li><li>Verktyg f\u00f6r b\u00e4ttre s\u00f6mn<\/li><li>Ergonomiska anpassningar i arbetet eller hemmet<\/li><li>F\u00e4rdighetstr\u00e4ning<\/li><li>Energisparande \u00e5tg\u00e4rder kopplat till bland annat sm\u00e4rta eller utmattning<\/li><\/ol>\n\n\n\n<div class=\"wp-block-group\"><div class=\"wp-block-group__inner-container is-layout-flow wp-block-group-is-layout-flow\">\n<p><\/p>\n<\/div><\/div>\n\n\n\n<p>Arbetsterapeuten bist\u00e5r i ett tidigt skede med kartl\u00e4ggning och bed\u00f6mning av dina behov s\u00e5 att anpassningarna ska bli s\u00e5 individanpassade och effektiva som m\u00f6jligt vid i uppf\u00f6ljningen under rehabiliteringsprocessen.<\/p>\n\n\n\n<p>\u00c4r du eller ditt f\u00f6retag intresserad av att f\u00e5 mer information \u00e4r du v\u00e4lkommen att kontakta oss via kontakt@imhc.se&nbsp;<\/p>","protected":false},"excerpt":{"rendered":"<p>K\u00e4nner du att din aktivitetsf\u00f6rm\u00e5ga \u00e4r nedsatt?K\u00e4nner du en begr\u00e4nsning i din sj\u00e4lvst\u00e4ndighet? Arbetsterapeutens huvuduppgift \u00e4r att st\u00f6tta dig med individanpassade \u00e5tg\u00e4rder f\u00f6r att du ska kunna \u00f6ka din aktivitetsf\u00f6rm\u00e5ga och ut\u00f6ka dina begr\u00e4nsningar efter en sjukdom eller skada som medf\u00f6rt en&#8230;<\/p>","protected":false},"author":3,"featured_media":0,"parent":0,"menu_order":0,"comment_status":"closed","ping_status":"closed","template":"","meta":{"footnotes":""},"class_list":["post-791","page","type-page","status-publish","hentry"],"_links":{"self":[{"href":"https:\/\/insidemind.se\/en\/wp-json\/wp\/v2\/pages\/791"}],"collection":[{"href":"https:\/\/insidemind.se\/en\/wp-json\/wp\/v2\/pages"}],"about":[{"href":"https:\/\/insidemind.se\/en\/wp-json\/wp\/v2\/types\/page"}],"author":[{"embeddable":true,"href":"https:\/\/insidemind.se\/en\/wp-json\/wp\/v2\/users\/3"}],"replies":[{"embeddable":true,"href":"https:\/\/insidemind.se\/en\/wp-json\/wp\/v2\/comments?post=791"}],"version-history":[{"count":6,"href":"https:\/\/insidemind.se\/en\/wp-json\/wp\/v2\/pages\/791\/revisions"}],"predecessor-version":[{"id":923,"href":"https:\/\/insidemind.se\/en\/wp-json\/wp\/v2\/pages\/791\/revisions\/923"}],"wp:attachment":[{"href":"https:\/\/insidemind.se\/en\/wp-json\/wp\/v2\/media?parent=791"}],"curies":[{"name":"wp","href":"https:\/\/api.w.org\/{rel}","templated":true}]}}