{"id":773,"date":"2020-04-09T07:43:44","date_gmt":"2020-04-09T05:43:44","guid":{"rendered":"https:\/\/insidemind.se\/?page_id=773"},"modified":"2020-11-11T22:37:43","modified_gmt":"2020-11-11T21:37:43","slug":"familjeradgivning","status":"publish","type":"page","link":"https:\/\/insidemind.se\/en\/familjeradgivning\/","title":{"rendered":"Familjer\u00e5dgivning"},"content":{"rendered":"<p>Familjer\u00e5dgivning kan inneb\u00e4ra b\u00e5de enklare r\u00e5dgivande samtal eller l\u00e4ngre bearbetande samtalsserier beroende p\u00e5 behovet. <\/p>\n\n\n\n<p>Teamet som arbetar med familjer\u00e5dgivning best\u00e5r av oftast socionom med vidareutbildning inom psykoterapi eller legitimerad psykoterapeut.<\/p>\n\n\n\n<p>Familjer\u00e5dgivning kan till exempel hj\u00e4lpa de s\u00f6kande att:<\/p>\n\n\n\n<ul class=\"wp-block-list\"><li>Lyssna p\u00e5 varandra eller tala med varandra<\/li><li>Hitta l\u00f6sningar p\u00e5 problem<\/li><li>Bryta destruktiva m\u00f6nster och reparera relationen<\/li><li>Fokus p\u00e5 barnets b\u00e4sta i en separation<\/li><li>Barnets reaktioner under en separation<\/li><li>St\u00f6dja v\u00e5rdnadshavaren i sitt f\u00f6r\u00e4ldraskap under en s\u00e5rbar och komplicerad period<\/li><\/ul>\n\n\n\n<p><\/p>\n\n\n\n<p>\u00c4r du i intresserad av att boka en tid f\u00f6r familjer\u00e5dgivning \u00e4r du v\u00e4lkommen att kontakta oss via kontakt@imhc.se<\/p>","protected":false},"excerpt":{"rendered":"<p>Familjer\u00e5dgivning kan inneb\u00e4ra b\u00e5de enklare r\u00e5dgivande samtal eller l\u00e4ngre bearbetande samtalsserier beroende p\u00e5 behovet. Teamet som arbetar med familjer\u00e5dgivning best\u00e5r av oftast socionom med vidareutbildning inom psykoterapi eller legitimerad psykoterapeut. Familjer\u00e5dgivning kan till exempel hj\u00e4lpa de s\u00f6kande att: Lyssna p\u00e5 varandra eller&#8230;<\/p>","protected":false},"author":2,"featured_media":832,"parent":0,"menu_order":0,"comment_status":"closed","ping_status":"closed","template":"","meta":{"footnotes":""},"class_list":["post-773","page","type-page","status-publish","has-post-thumbnail","hentry"],"_links":{"self":[{"href":"https:\/\/insidemind.se\/en\/wp-json\/wp\/v2\/pages\/773"}],"collection":[{"href":"https:\/\/insidemind.se\/en\/wp-json\/wp\/v2\/pages"}],"about":[{"href":"https:\/\/insidemind.se\/en\/wp-json\/wp\/v2\/types\/page"}],"author":[{"embeddable":true,"href":"https:\/\/insidemind.se\/en\/wp-json\/wp\/v2\/users\/2"}],"replies":[{"embeddable":true,"href":"https:\/\/insidemind.se\/en\/wp-json\/wp\/v2\/comments?post=773"}],"version-history":[{"count":3,"href":"https:\/\/insidemind.se\/en\/wp-json\/wp\/v2\/pages\/773\/revisions"}],"predecessor-version":[{"id":785,"href":"https:\/\/insidemind.se\/en\/wp-json\/wp\/v2\/pages\/773\/revisions\/785"}],"wp:featuredmedia":[{"embeddable":true,"href":"https:\/\/insidemind.se\/en\/wp-json\/wp\/v2\/media\/832"}],"wp:attachment":[{"href":"https:\/\/insidemind.se\/en\/wp-json\/wp\/v2\/media?parent=773"}],"curies":[{"name":"wp","href":"https:\/\/api.w.org\/{rel}","templated":true}]}}