{"id":702,"date":"2020-04-03T11:57:44","date_gmt":"2020-04-03T09:57:44","guid":{"rendered":"https:\/\/insidemind.se\/?page_id=702"},"modified":"2023-01-26T22:31:05","modified_gmt":"2023-01-26T21:31:05","slug":"telefonmottagning","status":"publish","type":"page","link":"https:\/\/insidemind.se\/en\/telefonmottagning\/","title":{"rendered":"Telefonmottagning"},"content":{"rendered":"<p>Du \u00e4r v\u00e4lkommen att boka tid p\u00e5 telefonmottagning om du inte kan komma till mottagningen.&nbsp;<\/p>\n\n\n\n<p>M\u00e5nga ringer och vill ha r\u00e5d kring psykisk oh\u00e4lsa f\u00f6r egen del eller f\u00f6r anh\u00f6rigs del, samt f\u00f6r st\u00f6d i den r\u00e5dande situationen.&nbsp;<\/p>\n\n\n\n<p>Flera befinner sig utomlands men vill inte f\u00f6rlora sin kontakt, sin kontinuitet, d\u00e5 passar det v\u00e4ldigt bra att kunna ringa.<\/p>\n\n\n\n<p>M\u00e5nga f\u00f6r\u00e4ldrar h\u00f6r av sig med fr\u00e5gor kring sina barn och ton\u00e5ringar, hur man ska hantera situationer i hemmet eller i sociala relationer eller andra situationer som f\u00f6r\u00e4ldern kan bli orolig av eller inte f\u00f6rst\u00e5r.&nbsp;<\/p>\n\n\n\n<p>V\u00e5ra erfarna l\u00e4kare, psykologer och terapeuter tr\u00e4ffar och pratar med m\u00e5nga unga vuxna som \u00e4r oroliga f\u00f6r att ta steget in i vuxenv\u00e4rlden fullt ut av olika sk\u00e4l.<\/p>\n\n\n\n<p>Andra ringer d\u00e5 det krisar i f\u00f6rh\u00e5llandet men beh\u00f6ver st\u00f6d p\u00e5 distans, det g\u00e5r naturligtvis att ha enskilda men \u00e4ven parsamtal via telefon.<br><\/p>\n\n\n\n<p>Telefonsessionerna j\u00e4mst\u00e4lls som ett bes\u00f6k och dokumenteras enligt Socialstyrelsens riktlinjer som vanligt.<\/p>\n\n\n\n<p>Samtalstiden \u00e4r 45 minuter och kostnaden \u00e4r 1500 kr som b\u00e4st betalas genom betalningsl\u00e4nk som skickas via e-post efter samtalet<br><\/p>\n\n\n\n<p>Beh\u00f6ver du komma i kontakt med en l\u00e4kare p\u00e5 telefon, beskriv ditt \u00e4rende n\u00e4r du bokar din tid.<br>Varmt v\u00e4lkommen att boka tid via <a href=\"mailto:kontakt@imhc.se\">kontakt@imhc.se<\/a> eller p\u00e5 telefon +46 8 502 462 00 <\/p>","protected":false},"excerpt":{"rendered":"<p>Du \u00e4r v\u00e4lkommen att boka tid p\u00e5 telefonmottagning om du inte kan komma till mottagningen.&nbsp; M\u00e5nga ringer och vill ha r\u00e5d kring psykisk oh\u00e4lsa f\u00f6r egen del eller f\u00f6r anh\u00f6rigs del, samt f\u00f6r st\u00f6d i den r\u00e5dande situationen.&nbsp; Flera befinner sig utomlands&#8230;<\/p>","protected":false},"author":3,"featured_media":0,"parent":0,"menu_order":0,"comment_status":"closed","ping_status":"closed","template":"","meta":{"footnotes":""},"class_list":["post-702","page","type-page","status-publish","hentry"],"_links":{"self":[{"href":"https:\/\/insidemind.se\/en\/wp-json\/wp\/v2\/pages\/702"}],"collection":[{"href":"https:\/\/insidemind.se\/en\/wp-json\/wp\/v2\/pages"}],"about":[{"href":"https:\/\/insidemind.se\/en\/wp-json\/wp\/v2\/types\/page"}],"author":[{"embeddable":true,"href":"https:\/\/insidemind.se\/en\/wp-json\/wp\/v2\/users\/3"}],"replies":[{"embeddable":true,"href":"https:\/\/insidemind.se\/en\/wp-json\/wp\/v2\/comments?post=702"}],"version-history":[{"count":5,"href":"https:\/\/insidemind.se\/en\/wp-json\/wp\/v2\/pages\/702\/revisions"}],"predecessor-version":[{"id":1245,"href":"https:\/\/insidemind.se\/en\/wp-json\/wp\/v2\/pages\/702\/revisions\/1245"}],"wp:attachment":[{"href":"https:\/\/insidemind.se\/en\/wp-json\/wp\/v2\/media?parent=702"}],"curies":[{"name":"wp","href":"https:\/\/api.w.org\/{rel}","templated":true}]}}