{"id":679,"date":"2020-04-01T14:20:42","date_gmt":"2020-04-01T12:20:42","guid":{"rendered":"https:\/\/insidemind.se\/?page_id=679"},"modified":"2020-10-30T18:21:13","modified_gmt":"2020-10-30T17:21:13","slug":"parterapi","status":"publish","type":"page","link":"https:\/\/insidemind.se\/en\/parterapi\/","title":{"rendered":"Parterapi"},"content":{"rendered":"<figure class=\"wp-block-gallery columns-1 is-cropped wp-block-gallery-1 is-layout-flex wp-block-gallery-is-layout-flex\"><ul class=\"blocks-gallery-grid\"><li class=\"blocks-gallery-item\"><figure><img loading=\"lazy\" decoding=\"async\" width=\"1024\" height=\"683\" src=\"https:\/\/insidemind.se\/wp-content\/uploads\/2020\/04\/priscilla-du-preez-vDzeKnPBPLM-unsplash-1-1024x683.jpg\" alt=\"\" data-id=\"929\" data-full-url=\"https:\/\/insidemind.se\/wp-content\/uploads\/2020\/04\/priscilla-du-preez-vDzeKnPBPLM-unsplash-1-scaled.jpg\" data-link=\"https:\/\/insidemind.se\/infor-ditt-besok\/priscilla-du-preez-vdzeknpbplm-unsplash-1\/\" class=\"wp-image-929\" srcset=\"https:\/\/insidemind.se\/wp-content\/uploads\/2020\/04\/priscilla-du-preez-vDzeKnPBPLM-unsplash-1-1024x683.jpg 1024w, https:\/\/insidemind.se\/wp-content\/uploads\/2020\/04\/priscilla-du-preez-vDzeKnPBPLM-unsplash-1-300x200.jpg 300w, https:\/\/insidemind.se\/wp-content\/uploads\/2020\/04\/priscilla-du-preez-vDzeKnPBPLM-unsplash-1-768x512.jpg 768w, https:\/\/insidemind.se\/wp-content\/uploads\/2020\/04\/priscilla-du-preez-vDzeKnPBPLM-unsplash-1-1536x1024.jpg 1536w, https:\/\/insidemind.se\/wp-content\/uploads\/2020\/04\/priscilla-du-preez-vDzeKnPBPLM-unsplash-1-2048x1365.jpg 2048w, https:\/\/insidemind.se\/wp-content\/uploads\/2020\/04\/priscilla-du-preez-vDzeKnPBPLM-unsplash-1-450x300.jpg 450w\" sizes=\"(max-width: 1024px) 100vw, 1024px\" \/><\/figure><\/li><\/ul><\/figure>\n\n\n\n<p>Syftet med parterapi \u00e4r att arbeta med relationen mellan partner\/sambo\/ make\/maka och undanr\u00f6ja hinder f\u00f6r en konstruktiv kommunikation. D\u00e4rmed vidga parets k\u00e4nslom\u00e4ssiga r\u00f6relseutrymme.<\/p>\n\n\n\n<p>M\u00e5let med parsamtal \u00e4r att klarg\u00f6ra och f\u00f6rst\u00e5 sambandet mellan s\u00e5v\u00e4l medvetna som omedvetna k\u00e4nslom\u00e4ssigt laddade konflikter\/l\u00e5sningar i relationen.<\/p>\n\n\n\n<p>Sessionerna brukar ta ca 90 minuter\/g\u00e5ng och sker vid ett flertal tillf\u00e4llen under en l\u00e4ngre tid. Tillsammans unders\u00f6ker vi och kartl\u00e4gger sv\u00e5righeterna ni beh\u00f6ver r\u00e5dgivande samtal f\u00f6r.<\/p>\n\n\n\n<p>\u00c5terkommande funderingar i parsamtal kan vara:<br>\u2022 Sv\u00e5righeter att handskas med sin f\u00f6r\u00e4ldraroll till sina barn\/ton\u00e5ringar<br>\u2022 Sv\u00e5righeter med att f\u00e5 ihop tillvaron som make\/maka och som f\u00f6r\u00e4lder<br>\u2022 Kommunikationssv\u00e5righeter, vi kan inte prata eller n\u00e4rma oss varandra<br>\u2022 Hon\/Han h\u00f6r inte vad jag s\u00e4ger\/vill<br>\u2022 Sv\u00e5righeter i samlivet<br>\u2022 Hot om separation\/skilsm\u00e4ssa<\/p>\n\n\n\n<p><strong>\u00c4r du intresserad av att boka tid med en terapeut \u00e4r du v\u00e4lkommen att g\u00f6ra en egenanm\u00e4lan p\u00e5 <a rel=\"noreferrer noopener\" href=\"http:\/\/www.insidemind.se\/egenanmalan\/\" data-type=\"URL\" data-id=\"www.insidemind.se\/egenanmalan\/\" target=\"_blank\">www.insidemind.se\/egenanmalan<\/a><\/strong><\/p>","protected":false},"excerpt":{"rendered":"<p>Syftet med parterapi \u00e4r att arbeta med relationen mellan partner\/sambo\/ make\/maka och undanr\u00f6ja hinder f\u00f6r en konstruktiv kommunikation. D\u00e4rmed vidga parets k\u00e4nslom\u00e4ssiga r\u00f6relseutrymme. M\u00e5let med parsamtal \u00e4r att klarg\u00f6ra och f\u00f6rst\u00e5 sambandet mellan s\u00e5v\u00e4l medvetna som omedvetna k\u00e4nslom\u00e4ssigt laddade konflikter\/l\u00e5sningar i relationen&#8230;.<\/p>","protected":false},"author":1,"featured_media":0,"parent":0,"menu_order":0,"comment_status":"closed","ping_status":"closed","template":"","meta":{"footnotes":""},"class_list":["post-679","page","type-page","status-publish","hentry"],"_links":{"self":[{"href":"https:\/\/insidemind.se\/en\/wp-json\/wp\/v2\/pages\/679"}],"collection":[{"href":"https:\/\/insidemind.se\/en\/wp-json\/wp\/v2\/pages"}],"about":[{"href":"https:\/\/insidemind.se\/en\/wp-json\/wp\/v2\/types\/page"}],"author":[{"embeddable":true,"href":"https:\/\/insidemind.se\/en\/wp-json\/wp\/v2\/users\/1"}],"replies":[{"embeddable":true,"href":"https:\/\/insidemind.se\/en\/wp-json\/wp\/v2\/comments?post=679"}],"version-history":[{"count":7,"href":"https:\/\/insidemind.se\/en\/wp-json\/wp\/v2\/pages\/679\/revisions"}],"predecessor-version":[{"id":1006,"href":"https:\/\/insidemind.se\/en\/wp-json\/wp\/v2\/pages\/679\/revisions\/1006"}],"wp:attachment":[{"href":"https:\/\/insidemind.se\/en\/wp-json\/wp\/v2\/media?parent=679"}],"curies":[{"name":"wp","href":"https:\/\/api.w.org\/{rel}","templated":true}]}}