{"id":676,"date":"2020-04-01T14:20:42","date_gmt":"2020-04-01T12:20:42","guid":{"rendered":"https:\/\/insidemind.se\/?page_id=676"},"modified":"2020-11-01T10:16:30","modified_gmt":"2020-11-01T09:16:30","slug":"psykoterapi","status":"publish","type":"page","link":"https:\/\/insidemind.se\/en\/psykoterapi\/","title":{"rendered":"Psykoterapi"},"content":{"rendered":"<p><strong>Psykologiska behandlingar \u00e4r ett samlingsbegrepp f\u00f6r flera vetenskapligt bepr\u00f6vade behandlingsmetoder. <\/strong><br><strong>Psykoterapi \u00e4r den mest v\u00e4lk\u00e4nda behandlingsmetoden. <\/strong><br><strong>Kognitiv beteendeterapi (KBT) och psykodynamisk psykoterapi (PDT) \u00e4r de vanligaste inriktningarna.<\/strong><\/p>\n\n\n\n<p>Att s\u00f6ka hj\u00e4lp \u00e4r ett tecken p\u00e5 styrka.<br>Att g\u00e5 i terapi kan inneb\u00e4ra ett stort \u00e5tagande som v\u00e4cker b\u00e5de m\u00e5nga k\u00e4nslor och funderingar.<br>F\u00f6r att du ska k\u00e4nna dig riktigt bekv\u00e4m med ditt beslut rekommenderas du att efter f\u00f6rsta tr\u00e4ffen funderar kring hur du vill utvecklas med hj\u00e4lp av terapi.&nbsp;<\/p>\n\n\n\n<p>Alla behandlare inom IMHC har tystnadsplikt, sekretess och ett icke-d\u00f6mande f\u00f6rh\u00e5llningss\u00e4tt till det klienten ber\u00e4ttar.<br>Inga problem \u00e4r f\u00f6r sm\u00e5 eller obetydliga f\u00f6r att prata om.<br>Hos oss \u00e4r klientens behov i fokus och vi jobbar st\u00e4ndigt med att skapa ett unikt behandlingsuppl\u00e4gg som passar klientens aktuella behov.<\/p>\n\n\n\n<p>Teamet str\u00e4var efter att varje m\u00f6te ska inge tillit och h\u00f6g professionalism genom att erbjuda ett unikt och strukturerat behandlingsuppl\u00e4gg utifr\u00e5n klientens aktuella behov.<br><br>IMHC erbjuder individuell samtalsterapi till privatpersoner men \u00e4ven till f\u00f6retag, f\u00f6reningar och organisationer som \u00f6nskar erbjuda samtalsterapi och coachning i alla led.<br>IMHC erbjuder \u00e4ven v\u00e5rdpersonal privat st\u00f6d, behandling och utredning.<\/p>\n\n\n\n<p>Teamet arbetar integrativt utifr\u00e5n anknytningsteorin, kognitiv beteendeterapi (KBT), dialektisk beteendeterapi (DBT), acceptance and commitment therapy (ACT), traumabehandling (EMDR och prolonged exposure), schematerapi, mindfulness based stress reduction (MBSR) och psykodynamisk terapi (PDT) utifr\u00e5n klientens aktuella behov.<\/p>\n\n\n\n<p><strong>\u00c4r du intresserad av att boka tid med en terapeut \u00e4r du v\u00e4lkommen att g\u00f6ra en egenanm\u00e4lan p\u00e5&nbsp;<a rel=\"noreferrer noopener\" href=\"http:\/\/www.insidemind.se\/egenanmalan\/\" target=\"_blank\">www.insidemind.se\/egenanmalan<\/a><\/strong><\/p>","protected":false},"excerpt":{"rendered":"<p>Psykologiska behandlingar \u00e4r ett samlingsbegrepp f\u00f6r flera vetenskapligt bepr\u00f6vade behandlingsmetoder. Psykoterapi \u00e4r den mest v\u00e4lk\u00e4nda behandlingsmetoden. Kognitiv beteendeterapi (KBT) och psykodynamisk psykoterapi (PDT) \u00e4r de vanligaste inriktningarna. Att s\u00f6ka hj\u00e4lp \u00e4r ett tecken p\u00e5 styrka.Att g\u00e5 i terapi kan inneb\u00e4ra ett stort&#8230;<\/p>","protected":false},"author":1,"featured_media":839,"parent":0,"menu_order":0,"comment_status":"closed","ping_status":"closed","template":"","meta":{"footnotes":""},"class_list":["post-676","page","type-page","status-publish","has-post-thumbnail","hentry"],"_links":{"self":[{"href":"https:\/\/insidemind.se\/en\/wp-json\/wp\/v2\/pages\/676"}],"collection":[{"href":"https:\/\/insidemind.se\/en\/wp-json\/wp\/v2\/pages"}],"about":[{"href":"https:\/\/insidemind.se\/en\/wp-json\/wp\/v2\/types\/page"}],"author":[{"embeddable":true,"href":"https:\/\/insidemind.se\/en\/wp-json\/wp\/v2\/users\/1"}],"replies":[{"embeddable":true,"href":"https:\/\/insidemind.se\/en\/wp-json\/wp\/v2\/comments?post=676"}],"version-history":[{"count":7,"href":"https:\/\/insidemind.se\/en\/wp-json\/wp\/v2\/pages\/676\/revisions"}],"predecessor-version":[{"id":1041,"href":"https:\/\/insidemind.se\/en\/wp-json\/wp\/v2\/pages\/676\/revisions\/1041"}],"wp:featuredmedia":[{"embeddable":true,"href":"https:\/\/insidemind.se\/en\/wp-json\/wp\/v2\/media\/839"}],"wp:attachment":[{"href":"https:\/\/insidemind.se\/en\/wp-json\/wp\/v2\/media?parent=676"}],"curies":[{"name":"wp","href":"https:\/\/api.w.org\/{rel}","templated":true}]}}