{"id":674,"date":"2020-04-01T14:20:42","date_gmt":"2020-04-01T12:20:42","guid":{"rendered":"https:\/\/insidemind.se\/?page_id=674"},"modified":"2020-11-01T12:25:20","modified_gmt":"2020-11-01T11:25:20","slug":"behandlingsmetoder","status":"publish","type":"page","link":"https:\/\/insidemind.se\/en\/behandlingsmetoder\/","title":{"rendered":"Behandlingsmetoder"},"content":{"rendered":"<figure class=\"wp-block-image size-large is-resized\"><img loading=\"lazy\" decoding=\"async\" src=\"https:\/\/insidemind.se\/wp-content\/uploads\/2020\/11\/mental-health-2313430_1920-1024x893.jpg\" alt=\"\" class=\"wp-image-1047\" width=\"388\" height=\"338\" srcset=\"https:\/\/insidemind.se\/wp-content\/uploads\/2020\/11\/mental-health-2313430_1920-1024x893.jpg 1024w, https:\/\/insidemind.se\/wp-content\/uploads\/2020\/11\/mental-health-2313430_1920-300x262.jpg 300w, https:\/\/insidemind.se\/wp-content\/uploads\/2020\/11\/mental-health-2313430_1920-768x670.jpg 768w, https:\/\/insidemind.se\/wp-content\/uploads\/2020\/11\/mental-health-2313430_1920-1536x1340.jpg 1536w, https:\/\/insidemind.se\/wp-content\/uploads\/2020\/11\/mental-health-2313430_1920-14x12.jpg 14w, https:\/\/insidemind.se\/wp-content\/uploads\/2020\/11\/mental-health-2313430_1920-450x393.jpg 450w, https:\/\/insidemind.se\/wp-content\/uploads\/2020\/11\/mental-health-2313430_1920.jpg 1920w\" sizes=\"(max-width: 388px) 100vw, 388px\" \/><figcaption><em>Be in the moment, be in the present. Breathing is my anchor<\/em>.<\/figcaption><\/figure>\n\n\n\n<p>Varje individ \u00e4r unik och d\u00e4rf\u00f6r erbjuder vi unika behandlingsuppl\u00e4gg f\u00f6r v\u00e5ra klienter och f\u00f6retagskunder.<\/p>\n\n\n\n<p>Vid ett klient eller kundm\u00f6te b\u00f6rjar vi alltid med en kartl\u00e4ggning av den aktuella fr\u00e5gest\u00e4llningen och bist\u00e5r alltid med ett eller flera f\u00f6rslag p\u00e5 behandlingsuppl\u00e4gg och behandlingsplan.<br>Naturligtvis \u00e4r behandlingsplanen alltid uppr\u00e4ttade efter klientens behov.<br><br>Vi f\u00f6ljer strikta riktlinjer fr\u00e5n Socialstyrelsen och IVO, samt f\u00f6ljer deras rekommendationer f\u00f6r god och s\u00e4ker v\u00e5rd.<br>Kommunikation och helhetst\u00e4nk utg\u00f6r grunden f\u00f6r v\u00e5ra bed\u00f6mningar utifr\u00e5n klientens aktuella fr\u00e5gest\u00e4llning och behov.<br><br>D\u00e4rf\u00f6r har vi p\u00e5 IMHC tagit fram flera behandlingsmodeller som grundar sig p\u00e5 f\u00f6rebyggande behandlingar och tr\u00e4ningsformer, de vanligaste terapiformerna, kvalitetss\u00e4krade medicinska behandlingarna samt andra verktyg och st\u00f6d f\u00f6r klientens \u00e5terh\u00e4mtning.<\/p>\n\n\n\n<p>Om du \u00e4r intresserad av att boka en tid f\u00f6r ett f\u00f6rsta bes\u00f6k och kartl\u00e4ggning kan du g\u00f6ra det via kontakt@insidemind.se eller <a href=\"https:\/\/insidemind.se\/egenanmalan\/\" data-type=\"page\" data-id=\"722\" target=\"_blank\" rel=\"noreferrer noopener\">www.insidemind.se\/egenanm\u00e4lan<\/a><\/p>","protected":false},"excerpt":{"rendered":"<p>Varje individ \u00e4r unik och d\u00e4rf\u00f6r erbjuder vi unika behandlingsuppl\u00e4gg f\u00f6r v\u00e5ra klienter och f\u00f6retagskunder. Vid ett klient eller kundm\u00f6te b\u00f6rjar vi alltid med en kartl\u00e4ggning av den aktuella fr\u00e5gest\u00e4llningen och bist\u00e5r alltid med ett eller flera f\u00f6rslag p\u00e5 behandlingsuppl\u00e4gg och behandlingsplan.Naturligtvis&#8230;<\/p>","protected":false},"author":1,"featured_media":0,"parent":0,"menu_order":0,"comment_status":"closed","ping_status":"closed","template":"","meta":{"footnotes":""},"class_list":["post-674","page","type-page","status-publish","hentry"],"_links":{"self":[{"href":"https:\/\/insidemind.se\/en\/wp-json\/wp\/v2\/pages\/674"}],"collection":[{"href":"https:\/\/insidemind.se\/en\/wp-json\/wp\/v2\/pages"}],"about":[{"href":"https:\/\/insidemind.se\/en\/wp-json\/wp\/v2\/types\/page"}],"author":[{"embeddable":true,"href":"https:\/\/insidemind.se\/en\/wp-json\/wp\/v2\/users\/1"}],"replies":[{"embeddable":true,"href":"https:\/\/insidemind.se\/en\/wp-json\/wp\/v2\/comments?post=674"}],"version-history":[{"count":8,"href":"https:\/\/insidemind.se\/en\/wp-json\/wp\/v2\/pages\/674\/revisions"}],"predecessor-version":[{"id":1058,"href":"https:\/\/insidemind.se\/en\/wp-json\/wp\/v2\/pages\/674\/revisions\/1058"}],"wp:attachment":[{"href":"https:\/\/insidemind.se\/en\/wp-json\/wp\/v2\/media?parent=674"}],"curies":[{"name":"wp","href":"https:\/\/api.w.org\/{rel}","templated":true}]}}