{"id":585,"date":"2020-03-31T14:20:33","date_gmt":"2020-03-31T12:20:33","guid":{"rendered":"https:\/\/insidemind.se\/?page_id=585"},"modified":"2020-04-29T12:05:50","modified_gmt":"2020-04-29T10:05:50","slug":"mediyoga-2","status":"publish","type":"page","link":"https:\/\/insidemind.se\/en\/mediyoga-2\/","title":{"rendered":"F\u00f6retagsh\u00e4lsov\u00e5rd"},"content":{"rendered":"<h1 class=\"wp-block-heading\">TJ\u00c4NSTER F\u00d6R F\u00d6RETAG<\/h1>\n\n\n\n<h4 class=\"wp-block-heading\"><em>Vi erbjuder nu \u00e4ven telefon och online samtal.<\/em><\/h4>\n\n\n\n<h4 class=\"wp-block-heading\">InsideMind Health Care erbjuder olika&nbsp;avtalsformer f\u00f6r f\u00f6retag, organisationer och f\u00f6reningar.<\/h4>\n\n\n\n<p>Teamet p\u00e5 InsideMind Health Care erbjuder flertalet st\u00f6dfunktioner d\u00e4r f\u00f6retag och organisationer kan ta hj\u00e4lp av v\u00e5ra l\u00e4kare, psykologer, arbetsterapeuter, psykoterapeuter och organisationskonsulter\u00a0i samtal och utveckling. Vi skr\u00e4ddarsyr\u00a0avtal och\u00a0anpassar tj\u00e4nsternas inneh\u00e5ll\u00a0efter klienternas behov.<\/p>\n\n\n\n<p><\/p>\n\n\n\n<h4 class=\"wp-block-heading\">Utbud av v\u00e5ra tj\u00e4nster<\/h4>\n\n\n\n<ul class=\"wp-block-list\"><li>Samtalsjour<\/li><li>Krisst\u00f6d<\/li><li>Handledning<\/li><li>Chefsst\u00f6d<\/li><li>Samtalsst\u00f6d<\/li><li>Coachning<\/li><li>Konflikthantering <\/li><li>Motiverande samtal<\/li><li>Utredning av psykisk oh\u00e4lsa<\/li><li>Psykoterapi<\/li><li>H\u00e4lsosamtal med sjuksk\u00f6terska<\/li><li>H\u00e4lsosamtal med l\u00e4kare<\/li><li>Ergonomi<\/li><li>Arbetsf\u00f6rm\u00e5geutredning<\/li><li>Intyg till myndigheter<\/li><li>Arbetsmilj\u00f6 och stresshantering<\/li><li>F\u00f6rel\u00e4sning om neuropsykiatriska tillst\u00e5nd p\u00e5 din arbetsplats<\/li><\/ul>\n\n\n\n<h4 class=\"wp-block-heading\">Ramavtal f\u00f6r medarbetarnas b\u00e4sta<\/h4>\n\n\n\n<p>Ett f\u00f6retagsavtal&nbsp;med InsideMind Health Care ger medarbetare i alla led st\u00f6rre trygghet vid of\u00f6rutsedda h\u00e4ndelser.<\/p>\n\n\n\n<p><\/p>\n\n\n\n<h4 class=\"wp-block-heading\"><strong>Hur g\u00e5r jag vidare?<\/strong><\/h4>\n\n\n\n<p>\u00c4r ditt f\u00f6retag intresserad av att f\u00e5 mer information \u00e4r du v\u00e4lkommen att kontakta v\u00e5r wellness manager via kontakt@imhc.se <\/p>","protected":false},"excerpt":{"rendered":"<p>TJ\u00c4NSTER F\u00d6R F\u00d6RETAG Vi erbjuder nu \u00e4ven telefon och online samtal. InsideMind Health Care erbjuder olika&nbsp;avtalsformer f\u00f6r f\u00f6retag, organisationer och f\u00f6reningar. Teamet p\u00e5 InsideMind Health Care erbjuder flertalet st\u00f6dfunktioner d\u00e4r f\u00f6retag och organisationer kan ta hj\u00e4lp av v\u00e5ra l\u00e4kare, psykologer, arbetsterapeuter, psykoterapeuter&#8230;<\/p>","protected":false},"author":1,"featured_media":830,"parent":0,"menu_order":0,"comment_status":"closed","ping_status":"closed","template":"","meta":{"footnotes":""},"class_list":["post-585","page","type-page","status-publish","has-post-thumbnail","hentry"],"_links":{"self":[{"href":"https:\/\/insidemind.se\/en\/wp-json\/wp\/v2\/pages\/585"}],"collection":[{"href":"https:\/\/insidemind.se\/en\/wp-json\/wp\/v2\/pages"}],"about":[{"href":"https:\/\/insidemind.se\/en\/wp-json\/wp\/v2\/types\/page"}],"author":[{"embeddable":true,"href":"https:\/\/insidemind.se\/en\/wp-json\/wp\/v2\/users\/1"}],"replies":[{"embeddable":true,"href":"https:\/\/insidemind.se\/en\/wp-json\/wp\/v2\/comments?post=585"}],"version-history":[{"count":10,"href":"https:\/\/insidemind.se\/en\/wp-json\/wp\/v2\/pages\/585\/revisions"}],"predecessor-version":[{"id":917,"href":"https:\/\/insidemind.se\/en\/wp-json\/wp\/v2\/pages\/585\/revisions\/917"}],"wp:featuredmedia":[{"embeddable":true,"href":"https:\/\/insidemind.se\/en\/wp-json\/wp\/v2\/media\/830"}],"wp:attachment":[{"href":"https:\/\/insidemind.se\/en\/wp-json\/wp\/v2\/media?parent=585"}],"curies":[{"name":"wp","href":"https:\/\/api.w.org\/{rel}","templated":true}]}}