{"id":583,"date":"2020-03-31T14:20:33","date_gmt":"2020-03-31T12:20:33","guid":{"rendered":"https:\/\/insidemind.se\/?page_id=583"},"modified":"2020-04-03T12:33:27","modified_gmt":"2020-04-03T10:33:27","slug":"forelasningar","status":"publish","type":"page","link":"https:\/\/insidemind.se\/en\/forelasningar\/","title":{"rendered":"F\u00f6rel\u00e4sningar"},"content":{"rendered":"<p> Sidan \u00e4r under omstrukturering <\/p>","protected":false},"excerpt":{"rendered":"<p>Sidan \u00e4r under omstrukturering<\/p>","protected":false},"author":1,"featured_media":0,"parent":0,"menu_order":0,"comment_status":"closed","ping_status":"closed","template":"","meta":{"footnotes":""},"class_list":["post-583","page","type-page","status-publish","hentry"],"_links":{"self":[{"href":"https:\/\/insidemind.se\/en\/wp-json\/wp\/v2\/pages\/583"}],"collection":[{"href":"https:\/\/insidemind.se\/en\/wp-json\/wp\/v2\/pages"}],"about":[{"href":"https:\/\/insidemind.se\/en\/wp-json\/wp\/v2\/types\/page"}],"author":[{"embeddable":true,"href":"https:\/\/insidemind.se\/en\/wp-json\/wp\/v2\/users\/1"}],"replies":[{"embeddable":true,"href":"https:\/\/insidemind.se\/en\/wp-json\/wp\/v2\/comments?post=583"}],"version-history":[{"count":2,"href":"https:\/\/insidemind.se\/en\/wp-json\/wp\/v2\/pages\/583\/revisions"}],"predecessor-version":[{"id":711,"href":"https:\/\/insidemind.se\/en\/wp-json\/wp\/v2\/pages\/583\/revisions\/711"}],"wp:attachment":[{"href":"https:\/\/insidemind.se\/en\/wp-json\/wp\/v2\/media?parent=583"}],"curies":[{"name":"wp","href":"https:\/\/api.w.org\/{rel}","templated":true}]}}