{"id":582,"date":"2020-03-31T14:20:33","date_gmt":"2020-03-31T12:20:33","guid":{"rendered":"https:\/\/insidemind.se\/?page_id=582"},"modified":"2020-11-08T08:24:46","modified_gmt":"2020-11-08T07:24:46","slug":"foretagshalsavard","status":"publish","type":"page","link":"https:\/\/insidemind.se\/en\/foretagshalsavard\/","title":{"rendered":"Samtalsterapi"},"content":{"rendered":"<p><strong>Att s\u00f6ka hj\u00e4lp \u00e4r ett tecken p\u00e5 styrka.<\/strong> <br><br>Att g\u00e5 i terapi kan inneb\u00e4ra ett stort \u00e5tagande som v\u00e4cker b\u00e5de m\u00e5nga k\u00e4nslor och funderingar. <br>F\u00f6r att du ska k\u00e4nna dig riktigt bekv\u00e4m med ditt beslut rekommenderas du att efter f\u00f6rsta tr\u00e4ffen funderar kring hur du vill utvecklas och f\u00f6r\u00e4ndras med hj\u00e4lp av terapi.\u00a0<\/p>\n\n\n\n<p>Alla behandlare hos oss har tystnadsplikt, sekretess och ett icke-d\u00f6mande f\u00f6rh\u00e5llningss\u00e4tt till det klienten ber\u00e4ttar.  <br>V\u00e5r m\u00e5ls\u00e4ttning \u00e4r att allt vi g\u00f6r i terapi ska utg\u00f6ra en solid grund f\u00f6r din utveckling och f\u00f6r\u00e4ndring.<br>Inga problem \u00e4r f\u00f6r sm\u00e5 eller obetydliga f\u00f6r att prata om.<br>Hos oss \u00e4r klientens behov i fokus och vi jobbar st\u00e4ndigt med att skapa ett unikt behandlingsuppl\u00e4gg som passar klientens aktuella behov. <\/p>\n\n\n\n<p>Behandlarna och teamet str\u00e4var efter att varje m\u00f6te ska inge tillit och h\u00f6g professionalism genom att erbjuda ett unikt och strukturerat behandlingsuppl\u00e4gg utifr\u00e5n klientens aktuella behov.<\/p>\n\n\n\n<p><br>IMHC erbjuder individuell samtalsterapi till privatpersoner men \u00e4ven till f\u00f6retag, f\u00f6reningar och organisationer som \u00f6nskar erbjuda samtalsterapi och coachning i alla led. <br>IMHC erbjuder \u00e4ven v\u00e5rdpersonal privat st\u00f6d, behandling och utredning. <\/p>\n\n\n\n<p><strong>Teamet arbetar integrativt utifr\u00e5n<\/strong><br>&#8211; Anknytningsteorin<br>&#8211; Kognitiv beteendeterapi (KBT)<br>&#8211; Acceptance and commitment therapy (ACT)<br>&#8211; Mindfulness based stress reduction (MBSR) <br>&#8211; Schematerapi <br>&#8211; Psykoanalys och<br>&#8211; Psykodynamisk terapi (PT) utifr\u00e5n klientens aktuella behov. <br><\/p>\n\n\n\n<p>Om du \u00e4r intresserad av att boka en tid med en av v\u00e5ra behandlare \u00e4r du v\u00e4lkommen att g\u00f6ra en egenanm\u00e4lan genom att skicka ett mail till <a href=\"mailto:kontakt@insidemind.se\">kontakt@insidemind.se<\/a> eller p\u00e5 <a rel=\"noreferrer noopener\" href=\"http:\/\/www.insidemind.se\/egenanmalan\" target=\"_blank\">www.insidemind.se\/egenanmalan<\/a><\/p>","protected":false},"excerpt":{"rendered":"<p>Att s\u00f6ka hj\u00e4lp \u00e4r ett tecken p\u00e5 styrka. Att g\u00e5 i terapi kan inneb\u00e4ra ett stort \u00e5tagande som v\u00e4cker b\u00e5de m\u00e5nga k\u00e4nslor och funderingar. F\u00f6r att du ska k\u00e4nna dig riktigt bekv\u00e4m med ditt beslut rekommenderas du att efter f\u00f6rsta tr\u00e4ffen funderar&#8230;<\/p>","protected":false},"author":1,"featured_media":926,"parent":0,"menu_order":0,"comment_status":"closed","ping_status":"closed","template":"","meta":{"footnotes":""},"class_list":["post-582","page","type-page","status-publish","has-post-thumbnail","hentry"],"_links":{"self":[{"href":"https:\/\/insidemind.se\/en\/wp-json\/wp\/v2\/pages\/582"}],"collection":[{"href":"https:\/\/insidemind.se\/en\/wp-json\/wp\/v2\/pages"}],"about":[{"href":"https:\/\/insidemind.se\/en\/wp-json\/wp\/v2\/types\/page"}],"author":[{"embeddable":true,"href":"https:\/\/insidemind.se\/en\/wp-json\/wp\/v2\/users\/1"}],"replies":[{"embeddable":true,"href":"https:\/\/insidemind.se\/en\/wp-json\/wp\/v2\/comments?post=582"}],"version-history":[{"count":13,"href":"https:\/\/insidemind.se\/en\/wp-json\/wp\/v2\/pages\/582\/revisions"}],"predecessor-version":[{"id":1107,"href":"https:\/\/insidemind.se\/en\/wp-json\/wp\/v2\/pages\/582\/revisions\/1107"}],"wp:featuredmedia":[{"embeddable":true,"href":"https:\/\/insidemind.se\/en\/wp-json\/wp\/v2\/media\/926"}],"wp:attachment":[{"href":"https:\/\/insidemind.se\/en\/wp-json\/wp\/v2\/media?parent=582"}],"curies":[{"name":"wp","href":"https:\/\/api.w.org\/{rel}","templated":true}]}}