{"id":577,"date":"2020-03-31T14:20:33","date_gmt":"2020-03-31T12:20:33","guid":{"rendered":"https:\/\/insidemind.se\/?page_id=577"},"modified":"2020-04-13T22:42:56","modified_gmt":"2020-04-13T20:42:56","slug":"angest","status":"publish","type":"page","link":"https:\/\/insidemind.se\/en\/angest\/","title":{"rendered":"\u00c5ngesttillst\u00e5nd"},"content":{"rendered":"<p>Teamet p\u00e5 IMHC ger st\u00f6d och behandling vid:<\/p>\n\n\n\n<p>Depression<br>GAD &#8211; Generaliserad \u00c5ngestsyndrom<br>Paniksyndrom<br>PTSD &#8211; Posttraumatisk Stressyndrom<br>Social \u00e5ngest<br>Specifika Fobier<br>S\u00f6mnst\u00f6rning<br>OCD &#8211; Tv\u00e5ngssyndrom<br>Personlighetssyndrom<br>\u00c4tst\u00f6rning <\/p>\n\n\n\n<p>\u00c4r du i intresserad av att boka en tid med teamet \u00e4r du v\u00e4lkommen att kontakta oss p\u00e5 kontakt@imhc.se <br><\/p>","protected":false},"excerpt":{"rendered":"<p>Teamet p\u00e5 IMHC ger st\u00f6d och behandling vid: DepressionGAD &#8211; Generaliserad \u00c5ngestsyndromPaniksyndromPTSD &#8211; Posttraumatisk StressyndromSocial \u00e5ngestSpecifika FobierS\u00f6mnst\u00f6rningOCD &#8211; Tv\u00e5ngssyndromPersonlighetssyndrom\u00c4tst\u00f6rning \u00c4r du i intresserad av att boka en tid med teamet \u00e4r du v\u00e4lkommen att kontakta oss p\u00e5 kontakt@imhc.se<\/p>","protected":false},"author":1,"featured_media":842,"parent":0,"menu_order":0,"comment_status":"closed","ping_status":"closed","template":"elementor_header_footer","meta":{"footnotes":""},"class_list":["post-577","page","type-page","status-publish","has-post-thumbnail","hentry"],"_links":{"self":[{"href":"https:\/\/insidemind.se\/en\/wp-json\/wp\/v2\/pages\/577"}],"collection":[{"href":"https:\/\/insidemind.se\/en\/wp-json\/wp\/v2\/pages"}],"about":[{"href":"https:\/\/insidemind.se\/en\/wp-json\/wp\/v2\/types\/page"}],"author":[{"embeddable":true,"href":"https:\/\/insidemind.se\/en\/wp-json\/wp\/v2\/users\/1"}],"replies":[{"embeddable":true,"href":"https:\/\/insidemind.se\/en\/wp-json\/wp\/v2\/comments?post=577"}],"version-history":[{"count":4,"href":"https:\/\/insidemind.se\/en\/wp-json\/wp\/v2\/pages\/577\/revisions"}],"predecessor-version":[{"id":907,"href":"https:\/\/insidemind.se\/en\/wp-json\/wp\/v2\/pages\/577\/revisions\/907"}],"wp:featuredmedia":[{"embeddable":true,"href":"https:\/\/insidemind.se\/en\/wp-json\/wp\/v2\/media\/842"}],"wp:attachment":[{"href":"https:\/\/insidemind.se\/en\/wp-json\/wp\/v2\/media?parent=577"}],"curies":[{"name":"wp","href":"https:\/\/api.w.org\/{rel}","templated":true}]}}