{"id":576,"date":"2020-03-31T14:20:33","date_gmt":"2020-03-31T12:20:33","guid":{"rendered":"https:\/\/insidemind.se\/?page_id=576"},"modified":"2020-04-13T22:06:53","modified_gmt":"2020-04-13T20:06:53","slug":"depression","status":"publish","type":"page","link":"https:\/\/insidemind.se\/en\/depression\/","title":{"rendered":"Depression"},"content":{"rendered":"<h2 class=\"wp-block-heading\" id=\"vad-ar-depression\">Vad \u00e4r depression?<\/h2>\n\n\n\n<p>Att k\u00e4nna sig ledsen och nedst\u00e4md i korta perioder i sitt liv \u00e4r n\u00e5got vi alla kan ha upplevt.<\/p>\n\n\n\n<p>Men n\u00e4r nedst\u00e4mdheten \u00f6verg\u00e5r i l\u00e5nga sammanh\u00e4ngande perioder, vanligtvis&nbsp;<strong>l\u00e4ngre \u00e4n tv\u00e5 veckor,<\/strong>&nbsp;finns det en risk att den leder till depression. D\u00e5 kan det vara dags att s\u00f6ka hj\u00e4lp.<\/p>\n\n\n\n<p>I en depression kan livet k\u00e4nnas tungt och meningsl\u00f6st. Man tappar lusten att g\u00f6ra saker och tappar intresset f\u00f6r sin omgivning.<\/p>\n\n\n\n<p>De vanligaste symtomen p\u00e5 depression \u00e4r:<br><\/p>\n\n\n\n<ul class=\"wp-block-list\"><li>Nedst\u00e4mdhet och ledsen<\/li><li>L\u00e5g sj\u00e4lvk\u00e4nsla<\/li><li>Skam och skuldk\u00e4nslor<\/li><li>\u00c5ngest och hum\u00f6rsv\u00e4ngningar<\/li><li>Tr\u00f6tt- och orkesl\u00f6shet<\/li><li>K\u00e4nsla av meningsl\u00f6shet och likgiltighet<\/li><li>Tappad lust f\u00f6r saker du vanligtvis tycker om att g\u00f6ra<\/li><li>F\u00f6rs\u00e4mrad koncentrationsf\u00f6rm\u00e5ga<\/li><li>M\u00f6rka tankar<\/li><li>Magbesv\u00e4r<\/li><li>Huvudv\u00e4rk<\/li><li>Minskad eller \u00f6kad aptit<\/li><li>S\u00f6mnsv\u00e5righeter<\/li><\/ul>\n\n\n\n<p>D\u00e5 det finns olika typer av depression \u00e4r det vanligt att en l\u00e4kare g\u00f6r en bed\u00f6mning och rekommenderar en behandling. <br>Behandlingen kan vanligtvis vara f\u00f6r\u00e4ndrade livstilsvanor, psykoterapi, antidepressiv behandling eller annat.<\/p>\n\n\n\n<p>\u00c4r du i intresserad av att boka en tid med teamet \u00e4r du v\u00e4lkommen att g\u00f6ra et via kontakt@imhc.se<\/p>\n\n\n\n<p><\/p>\n\n\n\n<p><\/p>","protected":false},"excerpt":{"rendered":"<p>Vad \u00e4r depression? Att k\u00e4nna sig ledsen och nedst\u00e4md i korta perioder i sitt liv \u00e4r n\u00e5got vi alla kan ha upplevt. Men n\u00e4r nedst\u00e4mdheten \u00f6verg\u00e5r i l\u00e5nga sammanh\u00e4ngande perioder, vanligtvis&nbsp;l\u00e4ngre \u00e4n tv\u00e5 veckor,&nbsp;finns det en risk att den leder till depression&#8230;.<\/p>","protected":false},"author":1,"featured_media":840,"parent":0,"menu_order":0,"comment_status":"closed","ping_status":"closed","template":"","meta":{"footnotes":""},"class_list":["post-576","page","type-page","status-publish","has-post-thumbnail","hentry"],"_links":{"self":[{"href":"https:\/\/insidemind.se\/en\/wp-json\/wp\/v2\/pages\/576"}],"collection":[{"href":"https:\/\/insidemind.se\/en\/wp-json\/wp\/v2\/pages"}],"about":[{"href":"https:\/\/insidemind.se\/en\/wp-json\/wp\/v2\/types\/page"}],"author":[{"embeddable":true,"href":"https:\/\/insidemind.se\/en\/wp-json\/wp\/v2\/users\/1"}],"replies":[{"embeddable":true,"href":"https:\/\/insidemind.se\/en\/wp-json\/wp\/v2\/comments?post=576"}],"version-history":[{"count":9,"href":"https:\/\/insidemind.se\/en\/wp-json\/wp\/v2\/pages\/576\/revisions"}],"predecessor-version":[{"id":668,"href":"https:\/\/insidemind.se\/en\/wp-json\/wp\/v2\/pages\/576\/revisions\/668"}],"wp:featuredmedia":[{"embeddable":true,"href":"https:\/\/insidemind.se\/en\/wp-json\/wp\/v2\/media\/840"}],"wp:attachment":[{"href":"https:\/\/insidemind.se\/en\/wp-json\/wp\/v2\/media?parent=576"}],"curies":[{"name":"wp","href":"https:\/\/api.w.org\/{rel}","templated":true}]}}