{"id":569,"date":"2020-03-31T14:15:11","date_gmt":"2020-03-31T12:15:11","guid":{"rendered":"https:\/\/insidemind.se\/?page_id=569"},"modified":"2023-11-17T11:37:13","modified_gmt":"2023-11-17T10:37:13","slug":"avbokning","status":"publish","type":"page","link":"https:\/\/insidemind.se\/en\/avbokning\/","title":{"rendered":"Avbokning"},"content":{"rendered":"<p><strong>Tider<\/strong><\/p>\n\n\n\n<p>Mottagningen har \u00f6ppet vardagar mellan kl 08-19.<br>Mottagningen erbjuder \u00e4ven tider p\u00e5 kv\u00e4llar och helger mot ett visst pristill\u00e4gg<\/p>\n\n\n\n<p><br><strong>Avbokning<\/strong><br>Vid f\u00f6rhinder, oavsett orsak, s\u00e5 m\u00e5ste du avboka din tid <strong>senast 48 timmar i f\u00f6rv\u00e4g<\/strong>. Om avbokning <strong>inte<\/strong> skett i tid enligt ovan, debiteras ordinarie pris som avbokningsavgift. Fakturan skickas via e-mail till den som bokade tiden. Avbokningsavgiften g\u00e5r till att t\u00e4cka kostnader f\u00f6r lokal och administration. F\u00f6rhinder meddelas via kontakt@imhc.se eller p\u00e5 telefon <strong>08 502 462 10<\/strong>. Ange ditt namn, telefonnummer och den tid du vill avboka.<br><br><\/p>","protected":false},"excerpt":{"rendered":"<p>Tider Mottagningen har \u00f6ppet vardagar mellan kl 08-19.Mottagningen erbjuder \u00e4ven tider p\u00e5 kv\u00e4llar och helger mot ett visst pristill\u00e4gg AvbokningVid f\u00f6rhinder, oavsett orsak, s\u00e5 m\u00e5ste du avboka din tid senast 48 timmar i f\u00f6rv\u00e4g. Om avbokning inte skett i tid enligt ovan,&#8230;<\/p>","protected":false},"author":1,"featured_media":0,"parent":0,"menu_order":0,"comment_status":"closed","ping_status":"closed","template":"","meta":{"footnotes":""},"class_list":["post-569","page","type-page","status-publish","hentry"],"_links":{"self":[{"href":"https:\/\/insidemind.se\/en\/wp-json\/wp\/v2\/pages\/569"}],"collection":[{"href":"https:\/\/insidemind.se\/en\/wp-json\/wp\/v2\/pages"}],"about":[{"href":"https:\/\/insidemind.se\/en\/wp-json\/wp\/v2\/types\/page"}],"author":[{"embeddable":true,"href":"https:\/\/insidemind.se\/en\/wp-json\/wp\/v2\/users\/1"}],"replies":[{"embeddable":true,"href":"https:\/\/insidemind.se\/en\/wp-json\/wp\/v2\/comments?post=569"}],"version-history":[{"count":7,"href":"https:\/\/insidemind.se\/en\/wp-json\/wp\/v2\/pages\/569\/revisions"}],"predecessor-version":[{"id":1365,"href":"https:\/\/insidemind.se\/en\/wp-json\/wp\/v2\/pages\/569\/revisions\/1365"}],"wp:attachment":[{"href":"https:\/\/insidemind.se\/en\/wp-json\/wp\/v2\/media?parent=569"}],"curies":[{"name":"wp","href":"https:\/\/api.w.org\/{rel}","templated":true}]}}