{"id":568,"date":"2020-03-31T14:15:11","date_gmt":"2020-03-31T12:15:11","guid":{"rendered":"https:\/\/insidemind.se\/?page_id=568"},"modified":"2020-04-29T14:54:48","modified_gmt":"2020-04-29T12:54:48","slug":"utomlands","status":"publish","type":"page","link":"https:\/\/insidemind.se\/en\/utomlands\/","title":{"rendered":"Utomlands"},"content":{"rendered":"<p><strong>Finns det m\u00f6jlighet att ha kontakt med min behandlare n\u00e4r jag befinner mig utomlands?<\/strong><\/p>\n\n\n\n<p>Ja, det g\u00e5r via videol\u00e4nk.<\/p>\n\n\n\n<p><strong>Jag bor utomlands men jag vill ha behandling p\u00e5 svenska. Kan ni hj\u00e4lpa mig?<\/strong><\/p>\n\n\n\n<p>Det beror alldeles p\u00e5 vilket land du bor i och hur l\u00e4nge du f\u00f6rv\u00e4ntas ha behandling via InsideMind Health Care. Om du bor i ett EU-land l\u00f6ser vi kontakten via videol\u00e4nk. <br><\/p>","protected":false},"excerpt":{"rendered":"<p>Finns det m\u00f6jlighet att ha kontakt med min behandlare n\u00e4r jag befinner mig utomlands? Ja, det g\u00e5r via videol\u00e4nk. Jag bor utomlands men jag vill ha behandling p\u00e5 svenska. Kan ni hj\u00e4lpa mig? Det beror alldeles p\u00e5 vilket land du bor i&#8230;<\/p>","protected":false},"author":1,"featured_media":0,"parent":0,"menu_order":0,"comment_status":"closed","ping_status":"closed","template":"","meta":{"footnotes":""},"class_list":["post-568","page","type-page","status-publish","hentry"],"_links":{"self":[{"href":"https:\/\/insidemind.se\/en\/wp-json\/wp\/v2\/pages\/568"}],"collection":[{"href":"https:\/\/insidemind.se\/en\/wp-json\/wp\/v2\/pages"}],"about":[{"href":"https:\/\/insidemind.se\/en\/wp-json\/wp\/v2\/types\/page"}],"author":[{"embeddable":true,"href":"https:\/\/insidemind.se\/en\/wp-json\/wp\/v2\/users\/1"}],"replies":[{"embeddable":true,"href":"https:\/\/insidemind.se\/en\/wp-json\/wp\/v2\/comments?post=568"}],"version-history":[{"count":3,"href":"https:\/\/insidemind.se\/en\/wp-json\/wp\/v2\/pages\/568\/revisions"}],"predecessor-version":[{"id":928,"href":"https:\/\/insidemind.se\/en\/wp-json\/wp\/v2\/pages\/568\/revisions\/928"}],"wp:attachment":[{"href":"https:\/\/insidemind.se\/en\/wp-json\/wp\/v2\/media?parent=568"}],"curies":[{"name":"wp","href":"https:\/\/api.w.org\/{rel}","templated":true}]}}