{"id":512,"date":"2020-03-30T23:40:16","date_gmt":"2020-03-30T21:40:16","guid":{"rendered":"https:\/\/insidemind.se\/?page_id=512"},"modified":"2023-11-29T21:24:17","modified_gmt":"2023-11-29T20:24:17","slug":"vantetider","status":"publish","type":"page","link":"https:\/\/insidemind.se\/en\/vantetider\/","title":{"rendered":"V\u00e4ntetider"},"content":{"rendered":"<p><strong>Hur l\u00e5nga \u00e4r era v\u00e4ntetider?<\/strong><\/p>\n\n\n\n<p>Just nu har vi inga v\u00e4ntetider.<\/p>\n\n\n\n<p><\/p>\n\n\n\n<p>Inf\u00f6r h\u00f6sten har Inside Mind Health Care optimerat bokningssystemet f\u00f6r din bekv\u00e4mlighet och breddat utbudet av v\u00e5ra tj\u00e4nster.<\/p>\n\n\n\n<p>Nu kan du boka dina (olika) bes\u00f6kstider, max 2 m\u00e5nader i f\u00f6rv\u00e4g, s\u00e5 att du p\u00e5 ett enklare s\u00e4tt kan planera f\u00f6r din vardag.<\/p>\n\n\n\n<p>H\u00e4r kan du se v\u00e5ra tillg\u00e4ngliga tider f\u00f6r din kommande bokning:<\/p>\n\n\n\n<p>V\u00e4lj den tj\u00e4nst som passar b\u00e4st.<\/p>\n\n\n\n<p>H\u00e4r f\u00f6ljer en liten lathund f\u00f6r bokningen.<\/p>\n\n\n\n<p>Ex. 1<\/p>\n\n\n\n<p>Om du \u00e4r en ny klient b\u00f6r du boka en &#8220;Kartl\u00e4ggning\/Nybes\u00f6kstid&#8221; och v\u00e4lja utf\u00f6rare, t.ex l\u00e4kare eller psykolog<\/p>\n\n\n\n<p>Under &#8220;Kommentar&#8221; beskriver du ditt \u00e4rende.&nbsp;&nbsp;<\/p>\n\n\n\n<p>F\u00f6r &#8220;Kartl\u00e4ggning \/ Nybes\u00f6k&#8221; inf\u00f6r en utredning, rekommenderar vi alltid att du kommer till mottagningen f\u00f6r ditt f\u00f6rsta bes\u00f6k, men naturligtvis \u00e4r det m\u00f6jligt vid f\u00f6rhinder att genomf\u00f6ra bes\u00f6ket via videol\u00e4nk.<\/p>\n\n\n\n<p>Ex. 2<\/p>\n\n\n\n<p>Om du redan \u00e4r befintlig klient b\u00f6r du boka en &#8220;\u00c5terbes\u00f6kstid&#8221; och v\u00e4lja utf\u00f6rare, t.ex l\u00e4kare eller psykolog<\/p>\n\n\n\n<p>Under &#8220;Kommentar&#8221; beskriver du ditt \u00e4rende.&nbsp;<\/p>\n\n\n\n<p>Beskriv g\u00e4rna om du vill komma till mottagningen eller delta i bes\u00f6ket fr\u00e5n ditt hem via videol\u00e4nk&nbsp;&nbsp;<\/p>\n\n\n\n<p>Ex.3<\/p>\n\n\n\n<p>Om du \u00f6nskar en neuropsykiatrisk screening (ADHD\/AST), b\u00f6r du v\u00e4lja &#8220;Kartl\u00e4ggning \/ Utredning&#8221;&nbsp;och v\u00e4lja utf\u00f6rare, t.ex l\u00e4kare eller psykolog<\/p>\n\n\n\n<p>Under &#8220;Kommentar&#8221; beskriver du ditt \u00e4rende.&nbsp;<\/p>\n\n\n\n<p>F\u00f6r &#8220;Kartl\u00e4ggning \/ Utredning&#8221; rekommenderar vi alltid att Du kommer till mottagningen f\u00f6r ditt f\u00f6rsta bes\u00f6k, men naturligtvis \u00e4r det m\u00f6jligt vid f\u00f6rhinder att genomf\u00f6ra bes\u00f6ket via videol\u00e4nk.<\/p>\n\n\n\n<p>Ex. 4<\/p>\n\n\n\n<p>F\u00f6r alla \u00f6vriga \u00e4renden (second opinion, f\u00f6rs\u00e4krings\u00e4renden, utl\u00e5tanden, intyg, receptf\u00f6rnyelse med mera) v\u00e4ljer du &#8220;\u00d6vrigt&#8221; och beskriver ditt \u00e4rende<\/p>\n\n\n\n<p>Observera att det inte g\u00e5r att g\u00e5 vidare i bokningen om du inte har fyllt i dina uppgifter korrekt.<\/p>\n\n\n\n<p>Du kommer att f\u00e5 en bekr\u00e4ftelse till din e-post n\u00e4r din bokning \u00e4r slutf\u00f6rd. Vid f\u00f6rhinder, oavsett orsak, m\u00e5ste du boka om eller avboka din tid.<br>Det g\u00f6r du enklast genom att logga in p\u00e5 bokningssystemet senast 48 timmar innan ditt bes\u00f6k och g\u00f6r n\u00f6dv\u00e4ndiga justeringar.\u00a0En ny bokningsbekr\u00e4ftelse kommer att skickas till den e-post adress du angett.\u00a0<br>Om avbokning inte skett i tid enligt ovan, debiteras ordinarie pris som avbokningsavgiften.\u00a0<br>Fakturan skickas via e-post till den klient som bokade tiden.<br>Avbokningsavgiften g\u00e5r till att t\u00e4cka kostnader f\u00f6r lokal och administration.<\/p>\n\n\n\n<p>F\u00f6rhinder\/f\u00f6rsening meddelas via bokningssystemet alternativt via epost eller samtal till <a href=\"tel:46850246200\">+46 8 502 462 00<\/a>. Ange ditt namn, telefonnummer och en angivelse (i minuter) hur sen du blir till ditt bes\u00f6k s\u00e5 att l\u00e4karen \/ terapeuten kan informeras.<\/p>\n\n\n\n<p>Inf\u00f6r ditt f\u00f6rsta bes\u00f6k kommer din l\u00e4kare att g\u00e5 igenom journaler fr\u00e5n tidigare v\u00e5rdgivare om du har skickat in dem till oss, eller tar med dem p\u00e5 ditt nybes\u00f6k.<\/p>\n\n\n\n<p>Har du \u00e4nnu inte bifogat dina journaler i ditt personliga konto, kan du g\u00f6ra det&nbsp;h\u00e4r.<\/p>\n\n\n\n<p>Efter nybes\u00f6ket g\u00f6rs det en l\u00e4karbed\u00f6mning med f\u00f6rslag och rekommendationer.&nbsp;<\/p>\n\n\n\n<p>Du och din v\u00e5rdgivare uppr\u00e4ttar gemensamt en plan f\u00f6r dina kommande samtal och v\u00e5rdbes\u00f6k.<\/p>\n\n\n\n<p><br><\/p>","protected":false},"excerpt":{"rendered":"<p>Hur l\u00e5nga \u00e4r era v\u00e4ntetider? Just nu har vi inga v\u00e4ntetider. Inf\u00f6r h\u00f6sten har Inside Mind Health Care optimerat bokningssystemet f\u00f6r din bekv\u00e4mlighet och breddat utbudet av v\u00e5ra tj\u00e4nster. Nu kan du boka dina (olika) bes\u00f6kstider, max 2 m\u00e5nader i f\u00f6rv\u00e4g, s\u00e5&#8230;<\/p>","protected":false},"author":1,"featured_media":0,"parent":0,"menu_order":0,"comment_status":"closed","ping_status":"closed","template":"","meta":{"footnotes":""},"class_list":["post-512","page","type-page","status-publish","hentry"],"_links":{"self":[{"href":"https:\/\/insidemind.se\/en\/wp-json\/wp\/v2\/pages\/512"}],"collection":[{"href":"https:\/\/insidemind.se\/en\/wp-json\/wp\/v2\/pages"}],"about":[{"href":"https:\/\/insidemind.se\/en\/wp-json\/wp\/v2\/types\/page"}],"author":[{"embeddable":true,"href":"https:\/\/insidemind.se\/en\/wp-json\/wp\/v2\/users\/1"}],"replies":[{"embeddable":true,"href":"https:\/\/insidemind.se\/en\/wp-json\/wp\/v2\/comments?post=512"}],"version-history":[{"count":5,"href":"https:\/\/insidemind.se\/en\/wp-json\/wp\/v2\/pages\/512\/revisions"}],"predecessor-version":[{"id":1381,"href":"https:\/\/insidemind.se\/en\/wp-json\/wp\/v2\/pages\/512\/revisions\/1381"}],"wp:attachment":[{"href":"https:\/\/insidemind.se\/en\/wp-json\/wp\/v2\/media?parent=512"}],"curies":[{"name":"wp","href":"https:\/\/api.w.org\/{rel}","templated":true}]}}