{"id":511,"date":"2020-03-30T23:40:16","date_gmt":"2020-03-30T21:40:16","guid":{"rendered":"https:\/\/insidemind.se\/?page_id=511"},"modified":"2020-11-11T10:08:19","modified_gmt":"2020-11-11T09:08:19","slug":"recept-och-intyg","status":"publish","type":"page","link":"https:\/\/insidemind.se\/en\/recept-och-intyg\/","title":{"rendered":"Recept och intyg"},"content":{"rendered":"<p><strong>Kan jag f\u00e5 l\u00e4kemedelsrecept via er?<\/strong><\/p>\n\n\n\n<p>Ja, v\u00e5ra l\u00e4kare och psykiatriker kan utf\u00e4rda elektroniska recept.<\/p>\n\n\n\n<p><strong>Kan ni skriva recept p\u00e5 ADHD medicin?<\/strong><\/p>\n\n\n\n<p>Efter en neuropsykiatrisk utredning p\u00e5 Inside Mind Health Care \u00e4r slutf\u00f6rd kommer klienten att erbjudas fortsatt uppf\u00f6ljning via v\u00e5r ADHD mottagning, d\u00e4r det g\u00e5r att g\u00f6ra kontroller s\u00e5som h\u00e4lsounders\u00f6kning, drogscreening och blodprovstagning. <br>Nya klienter beh\u00f6ver komma p\u00e5 ett nybes\u00f6k till en specialistl\u00e4kare f\u00f6r att g\u00f6ra en v\u00e5rdplan kring l\u00e4kemedelsbehandling.<\/p>\n\n\n\n<p><strong>Kan jag bli sjukskriven, f\u00e5 l\u00e4karintyg eller l\u00e4karutl\u00e5tande via er?<\/strong><\/p>\n\n\n\n<p>Ja. Det \u00e4r l\u00e4karen som g\u00f6r den bed\u00f6mningen under l\u00e4karbes\u00f6ket.<br><\/p>","protected":false},"excerpt":{"rendered":"<p>Kan jag f\u00e5 l\u00e4kemedelsrecept via er? Ja, v\u00e5ra l\u00e4kare och psykiatriker kan utf\u00e4rda elektroniska recept. Kan ni skriva recept p\u00e5 ADHD medicin? Efter en neuropsykiatrisk utredning p\u00e5 Inside Mind Health Care \u00e4r slutf\u00f6rd kommer klienten att erbjudas fortsatt uppf\u00f6ljning via v\u00e5r ADHD&#8230;<\/p>","protected":false},"author":1,"featured_media":0,"parent":0,"menu_order":0,"comment_status":"closed","ping_status":"closed","template":"","meta":{"footnotes":""},"class_list":["post-511","page","type-page","status-publish","hentry"],"_links":{"self":[{"href":"https:\/\/insidemind.se\/en\/wp-json\/wp\/v2\/pages\/511"}],"collection":[{"href":"https:\/\/insidemind.se\/en\/wp-json\/wp\/v2\/pages"}],"about":[{"href":"https:\/\/insidemind.se\/en\/wp-json\/wp\/v2\/types\/page"}],"author":[{"embeddable":true,"href":"https:\/\/insidemind.se\/en\/wp-json\/wp\/v2\/users\/1"}],"replies":[{"embeddable":true,"href":"https:\/\/insidemind.se\/en\/wp-json\/wp\/v2\/comments?post=511"}],"version-history":[{"count":4,"href":"https:\/\/insidemind.se\/en\/wp-json\/wp\/v2\/pages\/511\/revisions"}],"predecessor-version":[{"id":1126,"href":"https:\/\/insidemind.se\/en\/wp-json\/wp\/v2\/pages\/511\/revisions\/1126"}],"wp:attachment":[{"href":"https:\/\/insidemind.se\/en\/wp-json\/wp\/v2\/media?parent=511"}],"curies":[{"name":"wp","href":"https:\/\/api.w.org\/{rel}","templated":true}]}}