{"id":510,"date":"2020-03-30T23:40:16","date_gmt":"2020-03-30T21:40:16","guid":{"rendered":"https:\/\/insidemind.se\/?page_id=510"},"modified":"2023-11-29T21:21:15","modified_gmt":"2023-11-29T20:21:15","slug":"neuropsykiatrisk-utredning","status":"publish","type":"page","link":"https:\/\/insidemind.se\/en\/neuropsykiatrisk-utredning\/","title":{"rendered":"Neuropsykiatrisk utredning ADHD\/AST"},"content":{"rendered":"<h2 class=\"wp-block-heading\"><strong>NEUROPSYKIATRISKA UTREDNINGAR F\u00d6R BARN, UNGDOMAR OCH VUXNA<\/strong><\/h2>\n\n\n\n<p>Fr\u00e5n 2023-07-01 har vi m\u00f6jlighet att g\u00f6ra utredningar p\u00e5 andra spr\u00e5k \u00e4n svenska. (Engelska, tyska ,spanska, franska och p\u00e5 nederl\u00e4ndska) <\/p>\n\n\n\n<p>Upplever du att du eller ditt barn har sv\u00e5righeter med koncentration, uth\u00e5llighet, minne, impulsivitet, rastl\u00f6shet, sv\u00e5righeter att reglera aktivitetsniv\u00e5 eller sv\u00e5righeter att klara av vanliga sociala relationer? K\u00e4mpar du eller ditt barn med att f\u00e5 ihop vardagspusslet, skolan eller arbetslivet kan det vara tecken p\u00e5 neuropsykiatrisk problematik.<\/p>\n\n\n\n<p>Hos oss p\u00e5 Inside Mind Health Care (IMHC) kan du tryggt genomg\u00e5 en neuropsykiatrisk utredning privat n\u00e4r det g\u00e4ller misstankar om ADHD\/ADD eller AST (autismspektrumproblematik). <\/p>\n\n\n\n<p><strong>Varf\u00f6r beh\u00f6ver man genomg\u00e5 en neuropsykiatrisk utredning?<\/strong><\/p>\n\n\n\n<p>R\u00e4tt st\u00e4lld diagnos ger dig \u00f6kad kunskap kring hur du ska hantera dina sv\u00e5righeter, \u00f6kad acceptans samt m\u00f6jlighet att f\u00e5 r\u00e4tt behandling eller andra st\u00f6dinsatser.<\/p>\n\n\n\n<p><strong>Vilka f\u00f6rdelar f\u00e5r jag genom att g\u00f6ra en privat utredning hos IMHC?<\/strong><\/p>\n\n\n\n<p>Teamet best\u00e5r av h\u00f6gkvalificerade psykiatriker och psykologer med l\u00e5ng erfarenhet av neuropsykiatrisk problematik hos barn, ungdomar och vuxna. <br>Teamet g\u00f6r alltid en initial bed\u00f6mning i alla utrednings\u00e4renden<\/p>\n\n\n\n<p>Vi har korta v\u00e4ntetider och k\u00f6er och erbjuder utredning antingen p\u00e5 mottagningen eller via videol\u00e4nk, konfidentiellt och bekv\u00e4mt fr\u00e5n ditt hem, samt vid sv\u00e5righeter att ta sig till mottagningen.&nbsp;<\/p>\n\n\n\n<p>Efter utredningen och vid en eventuell diagnos, kommer du att erbjudas en f\u00f6r dig skr\u00e4ddarsydd och flexibel behandlingsplan med uppf\u00f6ljning hos samma l\u00e4kare som gjorde utredningen.<\/p>\n\n\n\n<p><strong>Hur g\u00e5r en ADHD utredning till hos Er?<\/strong><\/p>\n\n\n\n<p>Innan f\u00f6rsta bes\u00f6ket beh\u00f6ver teamet p\u00e5 IMHC ditt samtycke f\u00f6r att ta del av kopior p\u00e5 tidigare journaler och eventuella laboratorieprover fr\u00e5n dina tidigare v\u00e5rdkontakter g\u00e4llande psykiska besv\u00e4r.<\/p>\n\n\n\n<p>Teamet beh\u00f6ver \u00e4ven f\u00e5 ditt samtycke f\u00f6r att f\u00e5 tillg\u00e5ng till L\u00e4kemedelsf\u00f6rteckningen i patients\u00e4kerhetssyfte.<\/p>\n\n\n\n<p>Inf\u00f6r f\u00f6rsta bes\u00f6ket beh\u00f6ver du skicka en egenanm\u00e4lan till oss via e-post. D\u00e4refter kommer du eller ditt barn att f\u00e5 ett v\u00e4lkomstbrev med n\u00f6dv\u00e4ndig information inf\u00f6r din utredning.<br>Du kommer att fylla i ett visst antal fr\u00e5geformul\u00e4r via en webplattform eller p\u00e5 beg\u00e4ran, f\u00e5 dem hemskickade med en kallelse inf\u00f6r n\u00e4sta bes\u00f6k. <\/p>\n\n\n\n<p>Vid barnutredningar vill vi \u00e4ven att l\u00e4rare fyller i skattningsformul\u00e4r som \u00e4r en viktig del av utredningen. Dessa formul\u00e4r anv\u00e4nds f\u00f6r att m\u00e4ta ditt m\u00e5ende f\u00f6re och efter utredningen samt vid eventuella behandlingsinsatser. B\u00e5de f\u00f6r\u00e4ldrars och pedagogers beskrivningar av barnet \u00e4r viktiga f\u00f6r en helhetsbed\u00f6mning.<\/p>\n\n\n\n<p>D\u00e4refter kommer du att bokas f\u00f6r en initial bed\u00f6mning till en psykiater eller psykolog online eller p\u00e5 plats, som g\u00f6r en f\u00f6rdjupad neuropsykologisk bed\u00f6mning, intervjuar dig om b\u00e5de tidigare och nuvarande problematik, st\u00e4ller fr\u00e5gor kring barndomen, uppv\u00e4xten samt kring nuvarande problematik inom viktiga livsomr\u00e5den. Vid barnutredningar beh\u00f6ver psykologen \u00e4ven tr\u00e4ffa barnet f\u00f6r att g\u00f6ra en kognitiv testning.<\/p>\n\n\n\n<p>Vid vuxenutredningar beh\u00f6ver utredaren \u00e4ven intervjua anh\u00f6riga som k\u00e4nner dig v\u00e4l.<\/p>\n\n\n\n<p>Teamet g\u00f6r \u00e4ven en bed\u00f6mning kring om du eller ditt barn har andra psykiatriska symtom av betydelse f\u00f6r utredningen.&nbsp;<\/p>\n\n\n\n<p>Vid misstanke, kan du komma att beh\u00f6va l\u00e4mna blodprover och\/eller ett \u00f6vervakat urinprov f\u00f6r att utesluta somatiska eller andra orsaker till problematiken.<\/p>\n\n\n\n<p>Teamet kommer \u00e4ven att be dina n\u00e4rst\u00e5ende att fylla i formul\u00e4r samt boka tid f\u00f6r anh\u00f6rigintervju via videol\u00e4nk.<\/p>\n\n\n\n<p>Baserat p\u00e5 resultaten av unders\u00f6kningarna via webben kan du beh\u00f6va komma p\u00e5 ett fysiskt bes\u00f6k till psykolog f\u00f6r att g\u00f6ra mer specifika neuropsykologiska tester.<\/p>\n\n\n\n<p>N\u00e4r utredningen \u00e4r klar bokar vi en tid f\u00f6r genomg\u00e5ng d\u00e4r teamet g\u00e5r igenom resultaten, samt vilket st\u00f6d och hj\u00e4lp som finns att f\u00e5. IMHC erbjuder \u00e4ven medicinsk behandling med regelbundna uppf\u00f6ljningar. <\/p>\n\n\n\n<p>Efter utredningen bjuds du in till en \u00e5tergivning, ensam eller tillsammans med n\u00e5gon anh\u00f6rig\/v\u00e5rdnadshavare.  Teamet f\u00f6rklarar resultaten av utredningen och vilken hj\u00e4lp som rekommenderas f\u00f6r just dig. Efter utredningen bjuds f\u00f6r\u00e4ldrar och barn in till en \u00e5tergivning d\u00e5 vi ber\u00e4ttar vad vi kommit fram till och vilken hj\u00e4lp vi rekommenderar.<\/p>\n\n\n\n<p>Det \u00e4r viktigt att du eller ditt barn f\u00e5r en \u00f6kad f\u00f6rst\u00e5else och kunskap kring funktion, b\u00e4st kan utvecklas och m\u00e5 bra.<\/p>\n\n\n\n<p>Vi erbjuder \u00e4ven f\u00f6rskole-\/skol\u00e5tergivningar d\u00e4r pedagogisk personal vid behov bjuds in till mottagningen f\u00f6r diskussion. <\/p>\n\n\n\n<p>N\u00e4r&nbsp;utredningen \u00e4r avslutad och&nbsp;\u00e5tergivningen \u00e4r klar kommer du att f\u00e5 ett skriftligt utl\u00e5tande av din utredning. I detta sammanst\u00e4ller vi den information som framkommit och st\u00e4ller din problembeskrivning&nbsp;i relation till resultatet i utredningen. Utl\u00e5tandet \u00e4r&nbsp;baserat p\u00e5 utredningsresultaten, de f\u00f6rdjupade neuropsykologiska intervjuerna och l\u00e4karunders\u00f6kningen. Utl\u00e5tandet kan&nbsp;\u00e4ven vara behj\u00e4lpligt i kontakt med&nbsp;andra v\u00e5rdgivare samt som underlag i kontakt med F\u00f6rs\u00e4kringskassan. Det kan d\u00e4remot inte anv\u00e4ndas som intyg vid ans\u00f6kan om v\u00e5rdbidrag, aktivitetsers\u00e4ttning eller sjukers\u00e4ttning.<\/p>\n\n\n\n<p>V\u00e5ra l\u00e4kare kan bist\u00e5 med l\u00e4karintyg inf\u00f6r ans\u00f6kan om omv\u00e5rdnadsbidrag \/ merkostnadsers\u00e4ttning&nbsp;\/ intyg till Transportstyrelsen som d\u00e5 bekostas privat.<\/p>\n\n\n\n<p><br><\/p>","protected":false},"excerpt":{"rendered":"<p>NEUROPSYKIATRISKA UTREDNINGAR F\u00d6R BARN, UNGDOMAR OCH VUXNA Fr\u00e5n 2023-07-01 har vi m\u00f6jlighet att g\u00f6ra utredningar p\u00e5 andra spr\u00e5k \u00e4n svenska. (Engelska, tyska ,spanska, franska och p\u00e5 nederl\u00e4ndska) Upplever du att du eller ditt barn har sv\u00e5righeter med koncentration, uth\u00e5llighet, minne, impulsivitet, rastl\u00f6shet,&#8230;<\/p>","protected":false},"author":1,"featured_media":835,"parent":0,"menu_order":0,"comment_status":"closed","ping_status":"closed","template":"","meta":{"footnotes":""},"class_list":["post-510","page","type-page","status-publish","has-post-thumbnail","hentry"],"_links":{"self":[{"href":"https:\/\/insidemind.se\/en\/wp-json\/wp\/v2\/pages\/510"}],"collection":[{"href":"https:\/\/insidemind.se\/en\/wp-json\/wp\/v2\/pages"}],"about":[{"href":"https:\/\/insidemind.se\/en\/wp-json\/wp\/v2\/types\/page"}],"author":[{"embeddable":true,"href":"https:\/\/insidemind.se\/en\/wp-json\/wp\/v2\/users\/1"}],"replies":[{"embeddable":true,"href":"https:\/\/insidemind.se\/en\/wp-json\/wp\/v2\/comments?post=510"}],"version-history":[{"count":17,"href":"https:\/\/insidemind.se\/en\/wp-json\/wp\/v2\/pages\/510\/revisions"}],"predecessor-version":[{"id":1379,"href":"https:\/\/insidemind.se\/en\/wp-json\/wp\/v2\/pages\/510\/revisions\/1379"}],"wp:featuredmedia":[{"embeddable":true,"href":"https:\/\/insidemind.se\/en\/wp-json\/wp\/v2\/media\/835"}],"wp:attachment":[{"href":"https:\/\/insidemind.se\/en\/wp-json\/wp\/v2\/media?parent=510"}],"curies":[{"name":"wp","href":"https:\/\/api.w.org\/{rel}","templated":true}]}}