{"id":509,"date":"2020-03-30T23:40:16","date_gmt":"2020-03-30T21:40:16","guid":{"rendered":"https:\/\/insidemind.se\/?page_id=509"},"modified":"2020-03-31T12:51:38","modified_gmt":"2020-03-31T10:51:38","slug":"utredning-av-psykisk-sjukdom","status":"publish","type":"page","link":"https:\/\/insidemind.se\/en\/utredning-av-psykisk-sjukdom\/","title":{"rendered":"Utredning av psykisk oh\u00e4lsa"},"content":{"rendered":"<p><b>Utredning av psykisk oh\u00e4lsa<\/b><\/p>\n\n\n<p>Inf\u00f6r det f\u00f6rsta bes\u00f6ket kommer du att beh\u00f6va fylla i ett visst antal fr\u00e5geformul\u00e4r via webben. D\u00e4refter kommer du att bokas f\u00f6r en initial bed\u00f6mning till en psykiater eller psykolog online, som intervjuar dig om b\u00e5de tidigare och nuvarande symtom, samt st\u00e4ller fr\u00e5gor kring nuvarande problematik inom viktiga livsomr\u00e5den.<\/p>\n\n\n\n<p>Din l\u00e4kare eller psykolog g\u00f6r \u00e4ven en f\u00f6rdjupad bed\u00f6mning kring om du har andra psykiatriska symtom av betydelse f\u00f6r utredningen.<\/p>\n\n\n\n<p>Efter det f\u00f6rsta m\u00f6tet avg\u00f6rs vidare steg i utredningen.<\/p>\n\n\n<p><!--EndFragment--><\/p>","protected":false},"excerpt":{"rendered":"<p>Utredning av psykisk oh\u00e4lsa Inf\u00f6r det f\u00f6rsta bes\u00f6ket kommer du att beh\u00f6va fylla i ett visst antal fr\u00e5geformul\u00e4r via webben. D\u00e4refter kommer du att bokas f\u00f6r en initial bed\u00f6mning till en psykiater eller psykolog online, som intervjuar dig om b\u00e5de tidigare och&#8230;<\/p>","protected":false},"author":1,"featured_media":0,"parent":0,"menu_order":0,"comment_status":"closed","ping_status":"closed","template":"","meta":{"footnotes":""},"class_list":["post-509","page","type-page","status-publish","hentry"],"_links":{"self":[{"href":"https:\/\/insidemind.se\/en\/wp-json\/wp\/v2\/pages\/509"}],"collection":[{"href":"https:\/\/insidemind.se\/en\/wp-json\/wp\/v2\/pages"}],"about":[{"href":"https:\/\/insidemind.se\/en\/wp-json\/wp\/v2\/types\/page"}],"author":[{"embeddable":true,"href":"https:\/\/insidemind.se\/en\/wp-json\/wp\/v2\/users\/1"}],"replies":[{"embeddable":true,"href":"https:\/\/insidemind.se\/en\/wp-json\/wp\/v2\/comments?post=509"}],"version-history":[{"count":6,"href":"https:\/\/insidemind.se\/en\/wp-json\/wp\/v2\/pages\/509\/revisions"}],"predecessor-version":[{"id":548,"href":"https:\/\/insidemind.se\/en\/wp-json\/wp\/v2\/pages\/509\/revisions\/548"}],"wp:attachment":[{"href":"https:\/\/insidemind.se\/en\/wp-json\/wp\/v2\/media?parent=509"}],"curies":[{"name":"wp","href":"https:\/\/api.w.org\/{rel}","templated":true}]}}