{"id":508,"date":"2020-03-30T23:40:16","date_gmt":"2020-03-30T21:40:16","guid":{"rendered":"https:\/\/insidemind.se\/?page_id=508"},"modified":"2023-11-17T09:26:34","modified_gmt":"2023-11-17T08:26:34","slug":"egenanmalan","status":"publish","type":"page","link":"https:\/\/insidemind.se\/en\/egenanmalan\/","title":{"rendered":"Egenanm\u00e4lan"},"content":{"rendered":"<figure class=\"wp-block-image\"><img decoding=\"async\" src=\"https:\/\/insidemind.se\/wp-content\/uploads\/2020\/04\/green-chameleon-s9CC2SKySJM-unsplash-300x200.jpg\" alt=\"\"\/><\/figure>\n\n\n\n<h2 class=\"wp-block-heading\">Vilka uppgifter ska ing\u00e5 i en egenanm\u00e4lan till InsideMind Health Care?<\/h2>\n\n\n\n<p><span style=\"background-color: rgb(254, 254, 254); font-size: inherit;\">I en egenanm\u00e4lan ska du s\u00e5 utf\u00f6rligt som m\u00f6jligt beskriva din aktuella problematik, oavsett <\/span>om det \u00e4r f\u00f6r utredning av och behandling f\u00f6r t.ex depression, \u00e5ngest, terapi eller ADHD.<br><span style=\"background-color: rgb(254, 254, 254); font-size: inherit;\">Efter att din egenanm\u00e4lan kommit in, ringer vi upp dig eller kontaktar dig via e-post och erbjuder en en f\u00f6rsta konsultationstid.\u00a0 <\/span> <\/p>\n\n\n\n<p>Om du \u00e4r \u00f6ver 18 \u00e5r och misst\u00e4nker att dina sv\u00e5righeter beror p\u00e5 ett neuropsykiatriskt tillst\u00e5nd, s\u00e5som ADHD eller Autismspektrumtillst\u00e5nd, kan du g\u00f6ra en egenanm\u00e4lan f\u00f6r privat neuropsykiatrisk utredning. <br><br>\u00c4r du v\u00e5rdnadshavare kan du g\u00f6ra en egenanm\u00e4lan f\u00f6r privat utredning f\u00f6r ditt barn.<br><\/p>\n\n\n\n<p>Egenanm\u00e4lan kan anv\u00e4ndas vid \u00f6nskem\u00e5l om:<br><span style=\"font-size: inherit;\">&#8211; Kartl\u00e4ggning av psykisk oh\u00e4lsa<\/span><br><span style=\"font-size: inherit;\">&#8211; Psykoterapeutisk behandling<\/span> t.ex KBT, ACT, Schematerapi mm.<br><span style=\"font-size: inherit;\">&#8211; Depressionsutredning<\/span><br><span style=\"font-size: inherit;\">&#8211; Traumabehandling f\u00f6r barn, ungdomar och vuxna<\/span> t.ex TF-KBT, Prolonged Expore eller EMDR<br><span style=\"font-size: inherit;\">&#8211; Utredning kring personlighetssyndrom <\/span>och behandling<br><span style=\"font-size: inherit;\">&#8211; Kognitiv funktionsbed\u00f6mning<\/span>, psykologutredning<br>&#8211; F\u00e4rdighetstr\u00e4ning t.ex f\u00f6r ADHD eller AST<br><span style=\"font-size: inherit;\">&#8211; Behandling av stress och utmattning<\/span>, stressprogram<br><span style=\"font-size: inherit;\">&#8211; S\u00f6mnutredning<\/span> och behandling<br>&#8211; Medicinsk behandling<br><b style=\"font-size: inherit;\">&#8211; <strong>Second opinio<\/strong>n<\/b><br>&#8211; H\u00e4lsounders\u00f6kning t.ex inf\u00f6r anst\u00e4llning, k\u00f6rkort eller utbildning (polis, milit\u00e4r, pilot m fl.)<br>&#8211; Personlighetstest  t.ex vid karri\u00e4rval, utveckling, arbetsf\u00f6rm\u00e5ga<\/p>\n\n\n\n<p>Var uppm\u00e4rksam p\u00e5 att fylla i samtliga rubriker och fr\u00e5gor i din egenanm\u00e4lan f\u00f6r snabbare handl\u00e4ggning och uppstart.<\/p>\n\n\n\n<p>Om du \u00e4r f\u00f6retagskund eller best\u00e4llare kan du logga in via Avtalskund<\/p>\n\n\n\n<p><\/p>\n\n\n\n<p>H\u00e4r nedan hittar du \u00e4r Egenanm\u00e4lan i PDF format.<br>Du kan alltid v\u00e4lja att skanna in den och skicka den till oss via e-post  p\u00e5 kontakt@insidemind.se eller till mottagningen.<\/p>\n\n\n\n<ul class=\"wp-block-list\">\n<li><a href=\"https:\/\/insidemind.se\/wp-content\/uploads\/2020\/11\/EGENANMALAN-VUXEN-UTREDNING-PRIVATKUND.pdf\" data-type=\"URL\" data-id=\"https:\/\/insidemind.se\/wp-content\/uploads\/2020\/11\/EGENANMALAN-VUXEN-UTREDNING-PRIVATKUND.pdf\">Egenanm\u00e4lan f\u00f6r utredning av vuxen (.pdf)<\/a>  <\/li>\n<\/ul>\n\n\n\n<ul class=\"wp-block-list\">\n<li><a href=\"https:\/\/insidemind.se\/wp-content\/uploads\/2020\/11\/B_EGENANMALAN-BARN-UTREDNING-PRIVATKUND.pdf\" data-type=\"URL\" data-id=\"https:\/\/insidemind.se\/wp-content\/uploads\/2020\/11\/B_EGENANMALAN-BARN-UTREDNING-PRIVATKUND.pdf\">Egenanm\u00e4lan f\u00f6r utredning av barn och ungdom (.pdf)<\/a><\/li>\n<\/ul>\n\n\n\n<ul class=\"wp-block-list\">\n<li><a href=\"https:\/\/insidemind.se\/wp-content\/uploads\/2020\/11\/V_EGENANMALAN-MEDICINSK-BEHANDLING-VUXEN.pdf\" data-type=\"URL\" data-id=\"https:\/\/insidemind.se\/wp-content\/uploads\/2020\/11\/V_EGENANMALAN-MEDICINSK-BEHANDLING-VUXEN.pdf\">Egenanm\u00e4lan f\u00f6r farmakologisk behandling av ADD\/ADHD, vuxen (.pdf)<\/a><br><\/li>\n\n\n\n<li><a href=\"https:\/\/insidemind.se\/wp-content\/uploads\/2020\/11\/B_EGENANMALAN-MEDICINSK-BEHANDLING-BARN-PRIVATKUND.pdf\" data-type=\"URL\" data-id=\"https:\/\/insidemind.se\/wp-content\/uploads\/2020\/11\/B_EGENANMALAN-MEDICINSK-BEHANDLING-BARN-PRIVATKUND.pdf\">Egenanm\u00e4lan f\u00f6r farmakologisk behandling av ADD\/ADHD, barn (.pdf)<\/a><\/li>\n<\/ul>\n\n\n\n<ul class=\"wp-block-list\">\n<li><a href=\"https:\/\/insidemind.se\/wp-content\/uploads\/2020\/11\/EGENANMALAN-PSYKOTERAPI-PRIVATKUND-VUXEN.pdf\" data-type=\"URL\" data-id=\"https:\/\/insidemind.se\/wp-content\/uploads\/2020\/11\/EGENANMALAN-PSYKOTERAPI-PRIVATKUND-VUXEN.pdf\">Egenanm\u00e4lan f\u00f6r psykoterapeutisk behandling (.pdf)<\/a><\/li>\n<\/ul>\n\n\n\n<ul class=\"wp-block-list\">\n<li><a href=\"https:\/\/insidemind.se\/psychiatric-evaluation-adult_eng\" data-type=\"URL\" data-id=\"https:\/\/insidemind.se\/psychiatric-evaluation-adult_eng\">Psychiatric evaluation for adult eng (.pdf)<\/a><\/li>\n<\/ul>\n\n\n\n<p><\/p>\n\n\n\n<p>Text<\/p>\n\n\n\n<p><\/p>\n\n\n\n<p><\/p>\n\n\n<div id=\"ctnotesform\" style=\"display: inline-block;\">&nbsp;<\/div>\n<p><script src=\"https:\/\/www.ctnotes.com\/js\/ctnotes\/ctnotes_external_form.js\" id=\"ctnotestag\" formid=\"qKqEAQbWm84DgOuRtk3Wm66mG1L5hVfE\" css=\"1\"><\/script><\/p>\n\n\n<p><\/p>","protected":false},"excerpt":{"rendered":"<p>Vilka uppgifter ska ing\u00e5 i en egenanm\u00e4lan till InsideMind Health Care? I en egenanm\u00e4lan ska du s\u00e5 utf\u00f6rligt som m\u00f6jligt beskriva din aktuella problematik, oavsett om det \u00e4r f\u00f6r utredning av och behandling f\u00f6r t.ex depression, \u00e5ngest, terapi eller ADHD.Efter att din&#8230;<\/p>","protected":false},"author":1,"featured_media":0,"parent":0,"menu_order":0,"comment_status":"closed","ping_status":"closed","template":"","meta":{"footnotes":""},"class_list":["post-508","page","type-page","status-publish","hentry"],"_links":{"self":[{"href":"https:\/\/insidemind.se\/en\/wp-json\/wp\/v2\/pages\/508"}],"collection":[{"href":"https:\/\/insidemind.se\/en\/wp-json\/wp\/v2\/pages"}],"about":[{"href":"https:\/\/insidemind.se\/en\/wp-json\/wp\/v2\/types\/page"}],"author":[{"embeddable":true,"href":"https:\/\/insidemind.se\/en\/wp-json\/wp\/v2\/users\/1"}],"replies":[{"embeddable":true,"href":"https:\/\/insidemind.se\/en\/wp-json\/wp\/v2\/comments?post=508"}],"version-history":[{"count":47,"href":"https:\/\/insidemind.se\/en\/wp-json\/wp\/v2\/pages\/508\/revisions"}],"predecessor-version":[{"id":1351,"href":"https:\/\/insidemind.se\/en\/wp-json\/wp\/v2\/pages\/508\/revisions\/1351"}],"wp:attachment":[{"href":"https:\/\/insidemind.se\/en\/wp-json\/wp\/v2\/media?parent=508"}],"curies":[{"name":"wp","href":"https:\/\/api.w.org\/{rel}","templated":true}]}}