{"id":506,"date":"2020-03-30T23:40:16","date_gmt":"2020-03-30T21:40:16","guid":{"rendered":"https:\/\/insidemind.se\/?page_id=506"},"modified":"2020-11-11T23:38:37","modified_gmt":"2020-11-11T22:38:37","slug":"journalforing","status":"publish","type":"page","link":"https:\/\/insidemind.se\/en\/journalforing\/","title":{"rendered":"Journalf\u00f6ring"},"content":{"rendered":"<p>Enligt patientdatalagen \u00e4r alla v\u00e5rdgivare skyldiga att f\u00f6ra patientjournal f\u00f6r att bidra till en god och s\u00e4ker v\u00e5rd. IMHC anv\u00e4nder journalsystem som f\u00f6ljer uppdaterade best\u00e4mmelser fr\u00e5n Socialstyrelsen, Patientdatalagen och Datainspektionen.<\/p>\n\n\n\n<p>Din journal sparas inte lokalt p\u00e5 v\u00e5ra medarbetares datorer utan p\u00e5 servrar i s\u00e4kra datahallar. All trafik mellan v\u00e5ra medarbetare och journalsystemet g\u00e5r genom en krypterad uppkoppling, som ingen obeh\u00f6rig kan \u201cavlyssna\u201d.<br><\/p>\n\n\n\n<h3 class=\"wp-block-heading\"><strong>Lagring av personuppgifter &#8211; GDPR<\/strong><\/h3>\n\n\n\n<p>N\u00e4r du som patient skapar ett konto hos imhc.se registreras dina personuppgifter som bland annat namn, adress och kontaktuppgifter. F\u00f6r att ge adekvat och god v\u00e5rd samt f\u00f6r att kommunikationen mellan dig och oss ska fungera, sparar vi bara de uppgifter det \u00e4r n\u00f6dv\u00e4ndiga. L\u00e4s mer om v\u00e5r personuppgiftspolicy <a href=\"https:\/\/insidemind.se\/integritetspolicy\/\" data-type=\"page\" data-id=\"3\">h\u00e4r<\/a><br><\/p>\n\n\n\n<p><\/p>","protected":false},"excerpt":{"rendered":"<p>Enligt patientdatalagen \u00e4r alla v\u00e5rdgivare skyldiga att f\u00f6ra patientjournal f\u00f6r att bidra till en god och s\u00e4ker v\u00e5rd. IMHC anv\u00e4nder journalsystem som f\u00f6ljer uppdaterade best\u00e4mmelser fr\u00e5n Socialstyrelsen, Patientdatalagen och Datainspektionen. Din journal sparas inte lokalt p\u00e5 v\u00e5ra medarbetares datorer utan p\u00e5 servrar&#8230;<\/p>","protected":false},"author":1,"featured_media":0,"parent":0,"menu_order":0,"comment_status":"closed","ping_status":"closed","template":"","meta":{"footnotes":""},"class_list":["post-506","page","type-page","status-publish","hentry"],"_links":{"self":[{"href":"https:\/\/insidemind.se\/en\/wp-json\/wp\/v2\/pages\/506"}],"collection":[{"href":"https:\/\/insidemind.se\/en\/wp-json\/wp\/v2\/pages"}],"about":[{"href":"https:\/\/insidemind.se\/en\/wp-json\/wp\/v2\/types\/page"}],"author":[{"embeddable":true,"href":"https:\/\/insidemind.se\/en\/wp-json\/wp\/v2\/users\/1"}],"replies":[{"embeddable":true,"href":"https:\/\/insidemind.se\/en\/wp-json\/wp\/v2\/comments?post=506"}],"version-history":[{"count":3,"href":"https:\/\/insidemind.se\/en\/wp-json\/wp\/v2\/pages\/506\/revisions"}],"predecessor-version":[{"id":1138,"href":"https:\/\/insidemind.se\/en\/wp-json\/wp\/v2\/pages\/506\/revisions\/1138"}],"wp:attachment":[{"href":"https:\/\/insidemind.se\/en\/wp-json\/wp\/v2\/media?parent=506"}],"curies":[{"name":"wp","href":"https:\/\/api.w.org\/{rel}","templated":true}]}}