{"id":505,"date":"2020-03-30T23:40:16","date_gmt":"2020-03-30T21:40:16","guid":{"rendered":"https:\/\/insidemind.se\/?page_id=505"},"modified":"2020-03-31T14:00:52","modified_gmt":"2020-03-31T12:00:52","slug":"fragor-kring-onlinesamtal","status":"publish","type":"page","link":"https:\/\/insidemind.se\/en\/fragor-kring-onlinesamtal\/","title":{"rendered":"Fr\u00e5gor kring onlinesamtal"},"content":{"rendered":"<h2 class=\"wp-block-heading\"><strong>H<\/strong>ur det fungerar<\/h2>\n\n\n\n<ol class=\"wp-block-list\"><li>F\u00f6rst skapar du ett inloggningskonto och skriver din fr\u00e5ga till oss p\u00e5 ett s\u00e4kert s\u00e4tt (kostnadsfritt).<\/li><li>Vi \u00e5terkommer till dig inom 1 arbetsdag med kompletterande fr\u00e5gor eller f\u00f6rslag p\u00e5 hur du kan f\u00e5 hj\u00e4lp (kostnadsfritt).<\/li><li>V\u00e4ljer du att boka ett videobes\u00f6k hos en av v\u00e5ra psykiatriker eller psykologer, f\u00e5r du en tid inom n\u00e5gra dagar.<\/li><li>M\u00f6tet med din psykiater eller psykolog sker via videol\u00e4nk d\u00e4r ni tillsammans kommer \u00f6verens om en behandlingsplan.<\/li><li>Fakturan skickas till dig via din e-mail adress.<\/li><\/ol>\n\n\n\n<p><\/p>\n\n\n\n<p><\/p>\n\n\n\n<p><strong>Vilka tekniska krav \u00e4r n\u00f6dv\u00e4ndiga f\u00f6r videobes\u00f6k?<\/strong><\/p>\n\n\n\n<ul class=\"wp-block-list\"><li>Dator med internetuppkoppling med hastighet p\u00e5 minst 2 Mbps.<\/li><li>Webbkamera&nbsp;<\/li><li>Mikrofon och h\u00f6gtalare eller h\u00f6rlurar rekommenderas.<\/li><li>Alternativt mobiltelefonen (Android, iOS) eller surfplattan.<\/li><\/ul>\n\n\n\n<p>Vi anv\u00e4nder samtal som huvud arbetsredskap, precis som i vanliga psykiatriska och psykologiska bed\u00f6mningar. Vi tr\u00e4ffas online och vi ser och h\u00f6r varandra via videol\u00e4nk. Du f\u00e5r ber\u00e4tta om dina besv\u00e4r och vi st\u00e4ller fr\u00e5gor. Vi anv\u00e4nder ocks\u00e5 diagnostiska intervjuer och skattningsformul\u00e4r f\u00f6r att kunna st\u00e4lla diagnos och ha ett objektivt m\u00e5tt p\u00e5 dina symtom. Detsamma anv\u00e4nds f\u00f6r att f\u00f6lja upp hur du m\u00e5r under och efter behandlingen.<\/p>\n\n\n\n<p>&nbsp;<strong>FUNGERAR ONLINE SAMTAL LIKA BRA SOM SAMTAL P\u00c5 MOTTAGNING?<\/strong><\/p>\n\n\n\n<p>Det finns vetenskaplig evidens att bed\u00f6mning och behandling via online samtal \u00e4r lika effektiva som vanliga psykiatriska eller psykologiska bed\u00f6mningar och behandlingar. Alliansen mellan patient och behandlare \u00e4r lika bra samt f\u00f6rknippade med h\u00f6g f\u00f6ljsamhet och patientn\u00f6jdhet.<\/p>\n\n\n\n<p>&nbsp;<strong>VILKEN HJ\u00c4LP KAN MAN F\u00c5 MED ONLINE SAMTAL?<\/strong><\/p>\n\n\n\n<p>Har du psykiska besv\u00e4r som t.ex. stress, utmattning, depression, \u00e5ngest, tv\u00e5ng, s\u00f6mnsv\u00e5righeter eller hum\u00f6rsv\u00e4ngningar \u00e4r du v\u00e4lkommen att boka en tid f\u00f6r bed\u00f6mning hos oss. Du kan \u00e4ven kontakta oss om du har funderingar kring en utredning eller en second opinion n\u00e4r det g\u00e4ller din diagnos och behandling.&nbsp;<\/p>\n\n\n\n<p>Om du befinner dig i en akut kris eller akut sj\u00e4lvskadebeteende rekommenderar vi att du ist\u00e4llet tar kontakt med 112 eller tar dig till n\u00e4rmaste psykiatriska akutmottagning.<\/p>\n\n\n\n<h2 class=\"wp-block-heading\">&nbsp;<\/h2>\n\n\n\n<h2 class=\"wp-block-heading\"><strong>F\u00f6rdelar med online samtal<\/strong><\/h2>\n\n\n\n<ul class=\"wp-block-list\"><li>H\u00f6g tillg\u00e4nglighet f\u00f6r personer som med anledning av kroppsliga eller psykiska besv\u00e4r har sv\u00e5rt att s\u00f6ka hj\u00e4lp eller beh\u00e5lla en terapeutisk kontakt.<\/li><li>H\u00f6g tillg\u00e4nglighet f\u00f6r personer som har l\u00e5ngt avst\u00e5nd till sjukv\u00e5rden.<\/li><li>H\u00f6g flexibilitet, kvalitet och kontinuitet bibeh\u00e5lls.<\/li><li>V\u00e5rdtagaren slipper resor, parkeringskostnader, inkomstbortfall, behov av barnvakt, allt som vanliga bes\u00f6k till sjukv\u00e5rd skulle inneb\u00e4r.<\/li><li>Sessioner sker i det egna hemmet varf\u00f6r det ocks\u00e5 \u00e4r bekv\u00e4mt med m\u00f6jlighet till sessioner p\u00e5 kv\u00e4llstid och p\u00e5 helger.<\/li><li>Konfidentialitet och anonymitet. Du beh\u00f6ver inte tr\u00e4ffa n\u00e5gon du k\u00e4nner i v\u00e4ntrummet.<\/li><li>Korta v\u00e4ntetider. Du erbjuds en tid inom 1-2 arbetsdagar.<\/li><\/ul>","protected":false},"excerpt":{"rendered":"<p>Hur det fungerar F\u00f6rst skapar du ett inloggningskonto och skriver din fr\u00e5ga till oss p\u00e5 ett s\u00e4kert s\u00e4tt (kostnadsfritt). Vi \u00e5terkommer till dig inom 1 arbetsdag med kompletterande fr\u00e5gor eller f\u00f6rslag p\u00e5 hur du kan f\u00e5 hj\u00e4lp (kostnadsfritt). V\u00e4ljer du att boka&#8230;<\/p>","protected":false},"author":1,"featured_media":0,"parent":0,"menu_order":0,"comment_status":"closed","ping_status":"closed","template":"","meta":{"footnotes":""},"class_list":["post-505","page","type-page","status-publish","hentry"],"_links":{"self":[{"href":"https:\/\/insidemind.se\/en\/wp-json\/wp\/v2\/pages\/505"}],"collection":[{"href":"https:\/\/insidemind.se\/en\/wp-json\/wp\/v2\/pages"}],"about":[{"href":"https:\/\/insidemind.se\/en\/wp-json\/wp\/v2\/types\/page"}],"author":[{"embeddable":true,"href":"https:\/\/insidemind.se\/en\/wp-json\/wp\/v2\/users\/1"}],"replies":[{"embeddable":true,"href":"https:\/\/insidemind.se\/en\/wp-json\/wp\/v2\/comments?post=505"}],"version-history":[{"count":6,"href":"https:\/\/insidemind.se\/en\/wp-json\/wp\/v2\/pages\/505\/revisions"}],"predecessor-version":[{"id":561,"href":"https:\/\/insidemind.se\/en\/wp-json\/wp\/v2\/pages\/505\/revisions\/561"}],"wp:attachment":[{"href":"https:\/\/insidemind.se\/en\/wp-json\/wp\/v2\/media?parent=505"}],"curies":[{"name":"wp","href":"https:\/\/api.w.org\/{rel}","templated":true}]}}