{"id":503,"date":"2020-03-30T23:40:16","date_gmt":"2020-03-30T21:40:16","guid":{"rendered":"https:\/\/insidemind.se\/?page_id=503"},"modified":"2023-08-30T13:35:14","modified_gmt":"2023-08-30T11:35:14","slug":"fragor-kring-ditt-besok","status":"publish","type":"page","link":"https:\/\/insidemind.se\/en\/fragor-kring-ditt-besok\/","title":{"rendered":"Fr\u00e5gor kring ditt bes\u00f6k"},"content":{"rendered":"<p><strong>Finns det n\u00e5gon \u00e5ldersgr\u00e4ns f\u00f6r era tj\u00e4nster?<\/strong><\/p>\n\n\n\n<p>V\u00e5ra tj\u00e4nster har ingen \u00e5ldersgr\u00e4ns.<\/p>\n\n\n\n<p><strong>Spelar ni in v\u00e5ra samtal?<\/strong><\/p>\n\n\n\n<p>Nej, inspelning av dessa samtal f\u00e5r inte f\u00f6rekomma utan medgivande.<\/p>\n\n\n\n<p><strong>Priser f\u00f6r utredning<\/strong><\/p>\n\n\n\n<p>Priset f\u00f6r en utredning varierar beroende p\u00e5 fr\u00e5gest\u00e4llningen. Efter ditt f\u00f6rsta bes\u00f6k f\u00e5r du ett f\u00f6rslag p\u00e5 en offert f\u00f6r vad din utredning kommer att kosta samt hur l\u00e5ng tid den kommer att ta. Vidare presenteras en utredningsplan s\u00e5 att du kan f\u00f6lja stegen i din utredning. <\/p>\n\n\n\n<p><a href=\"http:\/\/www.insidemind.se\/egenanmalan\" data-type=\"URL\" data-id=\"http:\/\/www.insidemind.se\/egenanmalan\">V\u00e4lkommen att kontakta oss f\u00f6r ett kostnadsf\u00f6rslag.<\/a><\/p>\n\n\n\n<p><br><strong>Synpunkter\/Klagom\u00e5l<\/strong><br><br>Vi jobbar st\u00e4ndigt med f\u00f6rb\u00e4ttring och vill g\u00e4rna ta del av dina synpunkter och \u00e5sikter. Du kan alltid skicka dina fr\u00e5gor och synpunkter till kontakt@insidemind.se<br><br><\/p>\n\n\n\n<p><\/p>","protected":false},"excerpt":{"rendered":"<p>Finns det n\u00e5gon \u00e5ldersgr\u00e4ns f\u00f6r era tj\u00e4nster? V\u00e5ra tj\u00e4nster har ingen \u00e5ldersgr\u00e4ns. Spelar ni in v\u00e5ra samtal? Nej, inspelning av dessa samtal f\u00e5r inte f\u00f6rekomma utan medgivande. Priser f\u00f6r utredning Priset f\u00f6r en utredning varierar beroende p\u00e5 fr\u00e5gest\u00e4llningen. Efter ditt f\u00f6rsta bes\u00f6k&#8230;<\/p>","protected":false},"author":1,"featured_media":0,"parent":0,"menu_order":0,"comment_status":"closed","ping_status":"closed","template":"","meta":{"footnotes":""},"class_list":["post-503","page","type-page","status-publish","hentry"],"_links":{"self":[{"href":"https:\/\/insidemind.se\/en\/wp-json\/wp\/v2\/pages\/503"}],"collection":[{"href":"https:\/\/insidemind.se\/en\/wp-json\/wp\/v2\/pages"}],"about":[{"href":"https:\/\/insidemind.se\/en\/wp-json\/wp\/v2\/types\/page"}],"author":[{"embeddable":true,"href":"https:\/\/insidemind.se\/en\/wp-json\/wp\/v2\/users\/1"}],"replies":[{"embeddable":true,"href":"https:\/\/insidemind.se\/en\/wp-json\/wp\/v2\/comments?post=503"}],"version-history":[{"count":13,"href":"https:\/\/insidemind.se\/en\/wp-json\/wp\/v2\/pages\/503\/revisions"}],"predecessor-version":[{"id":1273,"href":"https:\/\/insidemind.se\/en\/wp-json\/wp\/v2\/pages\/503\/revisions\/1273"}],"wp:attachment":[{"href":"https:\/\/insidemind.se\/en\/wp-json\/wp\/v2\/media?parent=503"}],"curies":[{"name":"wp","href":"https:\/\/api.w.org\/{rel}","templated":true}]}}