{"id":502,"date":"2020-03-30T23:40:16","date_gmt":"2020-03-30T21:40:16","guid":{"rendered":"https:\/\/insidemind.se\/?page_id=502"},"modified":"2023-09-18T12:48:29","modified_gmt":"2023-09-18T10:48:29","slug":"bokatid","status":"publish","type":"page","link":"https:\/\/insidemind.se\/en\/bokatid\/","title":{"rendered":"Boka samtal"},"content":{"rendered":"<figure class=\"wp-block-gallery has-nested-images columns-default is-cropped wp-block-gallery-1 is-layout-flex wp-block-gallery-is-layout-flex\">\n<figure class=\"wp-block-image size-large is-resized is-style-default\"><img decoding=\"async\" data-id=\"926\" src=\"https:\/\/insidemind.se\/wp-content\/uploads\/2020\/04\/pixel-visuals-patrick-humm-X1bILI5KQQI-unsplash-1024x586.jpg\" alt=\"\" class=\"wp-image-926\" style=\"height:300px\" height=\"300\" srcset=\"https:\/\/insidemind.se\/wp-content\/uploads\/2020\/04\/pixel-visuals-patrick-humm-X1bILI5KQQI-unsplash-1024x586.jpg 1024w, https:\/\/insidemind.se\/wp-content\/uploads\/2020\/04\/pixel-visuals-patrick-humm-X1bILI5KQQI-unsplash-300x172.jpg 300w, https:\/\/insidemind.se\/wp-content\/uploads\/2020\/04\/pixel-visuals-patrick-humm-X1bILI5KQQI-unsplash-768x439.jpg 768w, https:\/\/insidemind.se\/wp-content\/uploads\/2020\/04\/pixel-visuals-patrick-humm-X1bILI5KQQI-unsplash-1536x879.jpg 1536w, https:\/\/insidemind.se\/wp-content\/uploads\/2020\/04\/pixel-visuals-patrick-humm-X1bILI5KQQI-unsplash-2048x1172.jpg 2048w, https:\/\/insidemind.se\/wp-content\/uploads\/2020\/04\/pixel-visuals-patrick-humm-X1bILI5KQQI-unsplash-450x257.jpg 450w\" sizes=\"(max-width: 1024px) 100vw, 1024px\" \/><\/figure>\n<\/figure>\n\n\n\n<p><\/p>\n\n\n\n<p class=\"has-large-font-size\"><strong>Bokning av tid f\u00f6r befintliga kunder: <\/strong><\/p>\n\n\n\n<div class=\"vardtid\">\n\t<!--<h4 style=\"color:red;\">Development buttons<\/h4>-->\n\t<div class=\"row\" style=\"padding:5px;\">\n\t\t<div class=\"col-xs-12 col-sm-12 col-md-12\">\n\t\t\t<div id=\"buttons\" style=\"\">\n\t\t\t\t<div id=\"extbuttons\">\n\t\t\t\t\t<div class=\"hidden-xs\" style=\"min-width:400px\">\n\t\t\t\t\t\t<div class=\"form-group\">\n\t\t\t\t\t\t\t<div class=\"col-xs-12 col-sm-12\">\n\t\t\t\t\t\t\t\t<div class=\"row listarticle\" style=\"border:1px solid #bbb; margin-top:3px; margin-bottom:30px;\">\n\t\t\t\t\t\t\t\t\t<div class=\"col-xs-8 col-sm-10\" style=\"line-height:50px\">\n\t\t\t\t\t\t\t\t\t\t<span style=\"font-family: Lato, Sans-Serif; color: #555\">Logga in f\u00f6r att boka<\/span>\n\t\t\t\t\t\t\t\t\t<\/div>\n\t\t\t\t\t\t\t\t\t<div class=\"col-xs-4 col-sm-2\" style=\"line-height:50px;\">\n\t\t\t\t\t\t\t\t\t\t<a href=\"https:\/\/insidemind.vardtid.se\/login?client_no=10\" target=\"_blank\" class=\"btn btn-info pull-right\" style=\"width:90px; margin-top:10px; padding-top:3px;\" rel=\"noopener\">Boka tid<\/a>\n\t\t\t\t\t\t\t\t\t<\/div>\n\t\t\t\t\t\t\t\t<\/div>\n\t\t\t\t\t\t\t<\/div>\n\t\t\t\t\t\t\t<br>\n\t\t\t\t\t\t<\/div>\n\t\t\t\t\t<\/div>\n\t\t\t\t\t<div class=\"text-center visible-xs\" style=\"margin-top:30px; max-width:100%\">\n\t\t\t\t\t\t<div class=\"form-group\">\n\t\t\t\t\t\t\t<a href=\"https:\/\/insidemind.vardtid.se\/login?client_no=10\" target=\"_blank\" class=\"btn btn-primary form-control\" style=\"max-width:370px; width:100%; height:38px;margin-top:5px;\" rel=\"noopener\">Boka tid 2<\/a>\n\t\t\t\t\t\t<\/div>\n\t\t\t\t\t\t<br>\n\t\t\t\t\t<\/div>\n\t\t\t\t<\/div>\n\t\t\t<\/div>\n\t\t<\/div>\n\t<\/div>\n<\/div>\n\n\n\n\n\n\n\n<p><\/p>\n\n\n\n<p><\/p>\n\n\n\n<p class=\"has-medium-font-size\"><strong>F\u00f6r att bli kund kan du skicka en Egenanm\u00e4lan nedan eller kontakta oss via<br><\/strong>telefon: <a href=\"tel:46850246200\">+46 8 502 462 00<\/a> <br>epost: <strong>kontakt@imhc.se<\/strong><\/p>\n\n\n\n<p>:<\/p>\n\n\n\n<div id=\"ctnotesform\" style=\"display:inline-block\"><\/div>\n<script src=\"https:\/\/www.ctnotes.com\/js\/ctnotes\/ctnotes_external_form.js\" id=\"ctnotestag\" formid=\"qKqEAQbWm84DgOuRtk3Wm66mG1L5hVfE\" css=\"1\"><\/script>\n\n\n\n<p><\/p>\n\n\n\n<p><\/p>\n\n\n\n<p><\/p>\n\n\n\n<p><\/p>","protected":false},"excerpt":{"rendered":"<p>Bokning av tid f\u00f6r befintliga kunder: Logga in f\u00f6r att boka Boka tid Boka tid 2 F\u00f6r att bli kund kan du skicka en Egenanm\u00e4lan nedan eller kontakta oss viatelefon: +46 8 502 462 00 epost: kontakt@imhc.se :<\/p>","protected":false},"author":1,"featured_media":0,"parent":0,"menu_order":0,"comment_status":"closed","ping_status":"closed","template":"","meta":{"footnotes":""},"class_list":["post-502","page","type-page","status-publish","hentry"],"_links":{"self":[{"href":"https:\/\/insidemind.se\/en\/wp-json\/wp\/v2\/pages\/502"}],"collection":[{"href":"https:\/\/insidemind.se\/en\/wp-json\/wp\/v2\/pages"}],"about":[{"href":"https:\/\/insidemind.se\/en\/wp-json\/wp\/v2\/types\/page"}],"author":[{"embeddable":true,"href":"https:\/\/insidemind.se\/en\/wp-json\/wp\/v2\/users\/1"}],"replies":[{"embeddable":true,"href":"https:\/\/insidemind.se\/en\/wp-json\/wp\/v2\/comments?post=502"}],"version-history":[{"count":46,"href":"https:\/\/insidemind.se\/en\/wp-json\/wp\/v2\/pages\/502\/revisions"}],"predecessor-version":[{"id":1347,"href":"https:\/\/insidemind.se\/en\/wp-json\/wp\/v2\/pages\/502\/revisions\/1347"}],"wp:attachment":[{"href":"https:\/\/insidemind.se\/en\/wp-json\/wp\/v2\/media?parent=502"}],"curies":[{"name":"wp","href":"https:\/\/api.w.org\/{rel}","templated":true}]}}