{"id":501,"date":"2020-03-30T23:40:16","date_gmt":"2020-03-30T21:40:16","guid":{"rendered":"https:\/\/insidemind.se\/?page_id=501"},"modified":"2023-11-17T09:32:07","modified_gmt":"2023-11-17T08:32:07","slug":"infor-ditt-besok","status":"publish","type":"page","link":"https:\/\/insidemind.se\/en\/infor-ditt-besok\/","title":{"rendered":"Inf\u00f6r ditt bes\u00f6k"},"content":{"rendered":"<figure class=\"wp-block-gallery has-nested-images columns-default is-cropped wp-block-gallery-1 is-layout-flex wp-block-gallery-is-layout-flex\">\n<figure class=\"wp-block-image size-large\"><img loading=\"lazy\" decoding=\"async\" width=\"1024\" height=\"765\" data-id=\"930\" src=\"https:\/\/insidemind.se\/wp-content\/uploads\/2020\/04\/stress-391657_1920-1024x765.jpg\" alt=\"\" class=\"wp-image-930\" srcset=\"https:\/\/insidemind.se\/wp-content\/uploads\/2020\/04\/stress-391657_1920-1024x765.jpg 1024w, https:\/\/insidemind.se\/wp-content\/uploads\/2020\/04\/stress-391657_1920-300x224.jpg 300w, https:\/\/insidemind.se\/wp-content\/uploads\/2020\/04\/stress-391657_1920-768x574.jpg 768w, https:\/\/insidemind.se\/wp-content\/uploads\/2020\/04\/stress-391657_1920-1536x1148.jpg 1536w, https:\/\/insidemind.se\/wp-content\/uploads\/2020\/04\/stress-391657_1920-450x336.jpg 450w, https:\/\/insidemind.se\/wp-content\/uploads\/2020\/04\/stress-391657_1920.jpg 1920w\" sizes=\"(max-width: 1024px) 100vw, 1024px\" \/><\/figure>\n<\/figure>\n\n\n\n<p><strong>Vad beh\u00f6ver jag t\u00e4nka p\u00e5 inf\u00f6r mitt f\u00f6rsta bes\u00f6k hos Er?<\/strong><\/p>\n\n\n\n<p>Innan f\u00f6rsta bes\u00f6ket beh\u00f6ver vi ta del av tidigare journaler, eventuella laboratorieprover och l\u00e4kemedelslista fr\u00e5n dina tidigare v\u00e5rdkontakter. Du beh\u00f6ver ta kontakt med din f\u00f6rra mottagning och best\u00e4lla dessa journalkopior och skicka dem \/ ta med dem inf\u00f6r ditt f\u00f6rsta bes\u00f6k p\u00e5 IMHC.<\/p>\n\n\n\n<p>Teamet beh\u00f6ver \u00e4ven f\u00e5 ditt samtycke f\u00f6r att f\u00e5 tillg\u00e5ng till L\u00e4kemedelsf\u00f6rteckningen i patients\u00e4kerhetssyfte.<\/p>\n\n\n\n<p><strong>Varf\u00f6r beh\u00f6ver ni tillg\u00e5ng till mina tidigare journaler?<\/strong><\/p>\n\n\n\n<p>F\u00f6r att kunna erbjuda god, s\u00e4ker v\u00e5rd och behandling, kan en noggrann journalgenomg\u00e5ng ge mycket v\u00e4rdefull information kring dina symtom och deras utveckling \u00f6ver tid.<br>I dina journaler framkommer \u00e4ven information om tidigare behandlingar du har provat, s\u00e5 att vi kan g\u00f6ra en optimal behandlingsplan eller g\u00f6ra en medicinjustering.<\/p>","protected":false},"excerpt":{"rendered":"<p>Vad beh\u00f6ver jag t\u00e4nka p\u00e5 inf\u00f6r mitt f\u00f6rsta bes\u00f6k hos Er? Innan f\u00f6rsta bes\u00f6ket beh\u00f6ver vi ta del av tidigare journaler, eventuella laboratorieprover och l\u00e4kemedelslista fr\u00e5n dina tidigare v\u00e5rdkontakter. Du beh\u00f6ver ta kontakt med din f\u00f6rra mottagning och best\u00e4lla dessa journalkopior och&#8230;<\/p>","protected":false},"author":1,"featured_media":0,"parent":0,"menu_order":0,"comment_status":"closed","ping_status":"closed","template":"","meta":{"footnotes":""},"class_list":["post-501","page","type-page","status-publish","hentry"],"_links":{"self":[{"href":"https:\/\/insidemind.se\/en\/wp-json\/wp\/v2\/pages\/501"}],"collection":[{"href":"https:\/\/insidemind.se\/en\/wp-json\/wp\/v2\/pages"}],"about":[{"href":"https:\/\/insidemind.se\/en\/wp-json\/wp\/v2\/types\/page"}],"author":[{"embeddable":true,"href":"https:\/\/insidemind.se\/en\/wp-json\/wp\/v2\/users\/1"}],"replies":[{"embeddable":true,"href":"https:\/\/insidemind.se\/en\/wp-json\/wp\/v2\/comments?post=501"}],"version-history":[{"count":4,"href":"https:\/\/insidemind.se\/en\/wp-json\/wp\/v2\/pages\/501\/revisions"}],"predecessor-version":[{"id":1355,"href":"https:\/\/insidemind.se\/en\/wp-json\/wp\/v2\/pages\/501\/revisions\/1355"}],"wp:attachment":[{"href":"https:\/\/insidemind.se\/en\/wp-json\/wp\/v2\/media?parent=501"}],"curies":[{"name":"wp","href":"https:\/\/api.w.org\/{rel}","templated":true}]}}