{"id":38,"date":"2019-09-23T21:53:19","date_gmt":"2019-09-23T19:53:19","guid":{"rendered":"https:\/\/insidemind.se\/?page_id=38"},"modified":"2019-09-30T20:06:44","modified_gmt":"2019-09-30T18:06:44","slug":"tjanster","status":"publish","type":"page","link":"https:\/\/insidemind.se\/en\/","title":{"rendered":"Tj\u00e4nster"},"content":{"rendered":"<p><em><strong>InsideMind erbjuder f\u00f6ljande behandlingar och tj\u00e4nster inom h\u00e4lso och sjukv\u00e5rd samt f\u00f6retagsh\u00e4lsov\u00e5rd.<\/strong><\/em><\/p>\n\n\n\n<ul class=\"wp-block-list\"><li><em><strong>Medicinska och psykiatriska l\u00e4karunders\u00f6kningar<\/strong><\/em><strong><em> f\u00f6r bland annat<\/em><\/strong><ul><li><em>Bed\u00f6mning, diagnostisering och uppf\u00f6ljning av psykisk oh\u00e4lsa<\/em><br><\/li><li><em>Basutredning samt neuropsykiatrisk utredning inom Autismspektrumtillst\u00e5nd samt ADHD\/ADD, Tourettes syndrom, depression, \u00e5ngest, tv\u00e5ng, s\u00f6mnl\u00f6shet samt behandling.<\/em><br><\/li><li><em>L\u00e4karunders\u00f6kning och second opinion hos unga vuxna och vuxna<\/em><br><\/li><li><em>F\u00f6rebyggande kartl\u00e4ggning, behandling och \u00e5tg\u00e4rdsplan vid stress och utmattning f\u00f6r alla, \u00e4ven h\u00e4lso- och sjukv\u00e5rdspersonal.<\/em><br><\/li><\/ul><ul><li><em>H\u00e4lsounders\u00f6kning (dock inga blodprov)<\/em><br><\/li><li><em>Frisk och h\u00e4lsointyg samt utl\u00e5tanden efter l\u00e4karbed\u00f6mning.<\/em><br><\/li><li><em>Enskilda konsultationer f\u00f6r f\u00f6retag och klienter<\/em><br><\/li><li><em>Rehabiliterande insatser av arbetstagare med psykiska problem<\/em><br><\/li><li><em>L\u00e4karintyg till myndigheter s\u00e5som F\u00f6rs\u00e4kringskassan, Arbetsf\u00f6rmedlingen, Transportstyrelsen med flera.<\/em><br><\/li><li><em>F\u00f6rel\u00e4sning, utbildning samt handledning inom psykisk oh\u00e4lsa och neuropsykiatri<\/em><br><\/li><\/ul><\/li><li><em><strong>Psykoterapeutisk behandling hos unga vuxna och vuxna<\/strong><\/em><ul><li><em>Sorgbearbetning och krishantering<\/em><br><\/li><li><em>Behandling av \u00e5ngest, depression, utmattning och stress<\/em><br><\/li><\/ul><\/li><li><em><strong>M\u00e5 bra<\/strong><\/em><strong>\u00a0<\/strong><em><strong>i kropp och sj\u00e4l<\/strong><\/em><ul><li><em>MediYoga vid stress och utmattning<\/em>, <em>individuell och gruppbehandling<\/em><br><\/li><li><em>MediYoga<\/em> <em>Hormonbalans vid PMS, hum\u00f6rsv\u00e4ngningar samt klimakterieproblem<\/em><br><\/li><li><em>Mindfulness vid stress och utmattning<\/em><br><\/li><\/ul><ul><li><em>Livsstilsf\u00f6r\u00e4ndring<\/em><br><\/li><li><em>Coachning i olika skeden av livet<\/em><br><\/li><li><em>F\u00f6rel\u00e4sning om ett sundare och h\u00e4lsosammare liv i stressf\u00f6rebyggande syfte<\/em><br><\/li><li><em>Workshops<\/em><br><\/li><\/ul><\/li><li><em><strong>Konsultuppdrag<\/strong><\/em><ul><li><em>F\u00f6r offentlig och privat sektor f\u00f6r all f\u00f6rebyggande behandling av psykisk oh\u00e4lsa hos unga vuxna och vuxna<\/em><\/li><\/ul><\/li><\/ul>","protected":false},"excerpt":{"rendered":"<p>InsideMind erbjuder f\u00f6ljande behandlingar och tj\u00e4nster inom h\u00e4lso och sjukv\u00e5rd samt f\u00f6retagsh\u00e4lsov\u00e5rd. Medicinska och psykiatriska l\u00e4karunders\u00f6kningar f\u00f6r bland annat Bed\u00f6mning, diagnostisering och uppf\u00f6ljning av psykisk oh\u00e4lsa Basutredning samt neuropsykiatrisk utredning inom Autismspektrumtillst\u00e5nd samt ADHD\/ADD, Tourettes syndrom, depression, \u00e5ngest, tv\u00e5ng, s\u00f6mnl\u00f6shet samt behandling&#8230;.<\/p>","protected":false},"author":1,"featured_media":0,"parent":0,"menu_order":3,"comment_status":"closed","ping_status":"closed","template":"","meta":{"footnotes":""},"class_list":["post-38","page","type-page","status-publish","hentry"],"_links":{"self":[{"href":"https:\/\/insidemind.se\/en\/wp-json\/wp\/v2\/pages\/38"}],"collection":[{"href":"https:\/\/insidemind.se\/en\/wp-json\/wp\/v2\/pages"}],"about":[{"href":"https:\/\/insidemind.se\/en\/wp-json\/wp\/v2\/types\/page"}],"author":[{"embeddable":true,"href":"https:\/\/insidemind.se\/en\/wp-json\/wp\/v2\/users\/1"}],"replies":[{"embeddable":true,"href":"https:\/\/insidemind.se\/en\/wp-json\/wp\/v2\/comments?post=38"}],"version-history":[{"count":3,"href":"https:\/\/insidemind.se\/en\/wp-json\/wp\/v2\/pages\/38\/revisions"}],"predecessor-version":[{"id":184,"href":"https:\/\/insidemind.se\/en\/wp-json\/wp\/v2\/pages\/38\/revisions\/184"}],"wp:attachment":[{"href":"https:\/\/insidemind.se\/en\/wp-json\/wp\/v2\/media?parent=38"}],"curies":[{"name":"wp","href":"https:\/\/api.w.org\/{rel}","templated":true}]}}