{"id":2,"date":"2019-07-20T16:04:58","date_gmt":"2019-07-20T14:04:58","guid":{"rendered":"http:\/\/insidemind.se\/?page_id=2"},"modified":"2020-03-31T22:40:38","modified_gmt":"2020-03-31T20:40:38","slug":"mediyoga","status":"publish","type":"page","link":"https:\/\/insidemind.se\/en\/mediyoga\/","title":{"rendered":"Mediyoga"},"content":{"rendered":"<h5 class=\"wp-block-heading\">Yoga \u2013 en ur\u00e5ldrig visdom.<\/h5>\n\n\n\n<p>Yoga \u00e4r en m\u00e5ngtusen\u00e5rig disciplin som skapar balans mellan kropp, sinne och sj\u00e4l f\u00f6r att ge styrka att p\u00e5verka den egna livssituationen i positiv riktning.<br>Yoga erbjuder enkla verktyg som ger \u00f6kad uth\u00e5llighet, kraft, koncentrationsf\u00f6rm\u00e5ga, medvetenhet och medk\u00e4nsla.<br>Alla kan g\u00f6ra yoga, d\u00e5 den kan anpassas till allas f\u00f6ruts\u00e4ttningar och behov.<br><br>Idag forskas det intensivt \u00f6ver hela v\u00e4rlden om yoga och meditation och det finns mer \u00e4n 4900 artiklar fr\u00e5n hela v\u00e4rlden som p\u00e5 olika s\u00e4tt visar p\u00e5 yogans effekter avseende bland annat blodtryck, stresshantering, \u00e4mnesoms\u00e4ttning, hum\u00f6r, depression, s\u00f6mn, ryggproblem etc.<\/p>\n\n\n\n<p><strong>MediYoga<\/strong><\/p>\n\n\n\n<p>MediYoga \u00e4r utformad utifr\u00e5n den tantriska yogan som \u00e4r en av de \u00e4ldsta former av yoga m\u00e4nniskan k\u00e4nner till. Inspirationen har h\u00e4mtats fr\u00e5n kundaliniyoga likv\u00e4l som ayurveda.<br>MediYoga \u00e4r utvecklad under kliniskt och terapeutiskt arbete sedan 1997. K\u00e4rnan i den medicinska yogan \u00e4r att skapa \u00f6kad balans fysiskt, mentalt och emotionellt.<br><strong><br>Regelbunden tr\u00e4ning av MediYoga bidrar till att:<\/strong><\/p>\n\n\n\n<ul class=\"wp-block-list\"><li>stilla sinnet<\/li><li>\u00f6ka kroppsmedvetenheten<\/li><li>uppleva balans i kroppens nerv- och hormonsystem<\/li><li>uppleva \u00f6kad r\u00f6rlighet, flexibilitet och styrka.<\/li><\/ul>\n\n\n\n<p>MediYoga \u00e4r inte en yogaform med fokus enbart p\u00e5 det fysiologiska utan p\u00e5 alla aspekter och som fungerar brett f\u00f6r olika patientgrupper med specifika behov, samt att f\u00f6rebygga t.ex.&nbsp;<strong>utmattning, psykisk oh\u00e4lsa, \u00e5ngesttillst\u00e5nd, ospecifika ryggproblem, hj\u00e4rt- och k\u00e4rlsjukdomar, s\u00f6mnst\u00f6rningar, huvudv\u00e4rk<\/strong>&nbsp;m.fl. \u2013 anpassad f\u00f6r den enskildes specifika och unika f\u00f6ruts\u00e4ttningar och behov.<\/p>\n\n\n\n<p>M\u00e5let \u00e4r att synkronisera dessa delar med varandra tillsammans med uppm\u00e4rksamhetstr\u00e4ning i kroppen. Grunden och den r\u00f6da tr\u00e5den i tr\u00e4ningen \u00e4r andningen som \u00e4r den del som tydligast knyter ihop de mentala och fysiska aspekterna.<\/p>\n\n\n\n<h5 class=\"wp-block-heading\">Effekter av yoga<\/h5>\n\n\n\n<ul class=\"wp-block-list\"><li><strong>Fysiskt styrka<\/strong><ul><li>st\u00e4rker och mjukar upp v\u00e5ra muskler och leder \u2013 vilket ger mindre problem med rygg, nacke, axlar, h\u00f6fter och kn\u00e4n<\/li><li>v\u00e5r andning blir b\u00e4ttre vilket ger oss mer energi<\/li><li>v\u00e5rt hj\u00e4rta blir starkare och pulsen blir j\u00e4mnare.<\/li><li>vi blir mer avsp\u00e4nda<\/li><li>vi sover b\u00e4ttre<br><\/li><\/ul><\/li><li><strong>K\u00e4nslom\u00e4ssig och mental styrka<\/strong><ul><li>vi blir mer uth\u00e5lliga f\u00f6r att m\u00f6ta v\u00e5r vardag<\/li><li>vi f\u00e5r ett st\u00e4rkt och stabilt sinne som hj\u00e4lper oss t\u00e4nka klart och fokuserat<\/li><li>v\u00e5r kreativitet och intuition tar en st\u00f6rre plats i v\u00e5ra liv<\/li><li>v\u00e5r viljestyrka st\u00e4rks<\/li><li>vi kultiverar en attityd av tacksamhet som st\u00e4rker v\u00e5r livsgl\u00e4dje och livskvalitet<br><\/li><\/ul><\/li><li><strong>Andlig styrka<\/strong><ul><li>v\u00e5r inre kraft och utstr\u00e5lning st\u00e4rks<\/li><li>v\u00e5r f\u00f6rm\u00e5ga att k\u00e4nna f\u00f6rundran \u00f6kar<\/li><\/ul><\/li><\/ul>\n\n\n\n<h5 class=\"wp-block-heading\">Kan ALLA g\u00f6ra MediYoga?<\/h5>\n\n\n\n<p>MediYoga passar verkligen ALLA oavsett \u00e5lder, k\u00f6n, kondition eller tidigare erfarenheter. Du startar d\u00e4r du befinner dig och vi hj\u00e4lper dig att dosera och anpassa yogan till dina f\u00f6ruts\u00e4ttningar och behov. Du yogar i din egen takt och g\u00f6r det du kan utifr\u00e5n dina f\u00f6ruts\u00e4ttningar.<br>S\u00e5 kom som du \u00e4r och var dig sj\u00e4lv.<\/p>\n\n\n\n<h5 class=\"wp-block-heading\">Hur ska jag kl\u00e4 mig?<\/h5>\n\n\n\n<p>Det viktiga \u00e4r att du har mjuka kl\u00e4der som du kan r\u00f6ra dig l\u00e4tt i. Om du vill ha p\u00e5 dig strumpor s\u00e5 g\u00e5r det utm\u00e4rkt. Du kan antingen komma ombytt eller byta om i v\u00e5rt omkl\u00e4dningsrum.<\/p>\n\n\n\n<h5 class=\"wp-block-heading\">Vad ska jag ta med mig inf\u00f6r ett MediYoga pass?<\/h5>\n\n\n\n<p>Allt du beh\u00f6ver finns i yogasalen: yogamatta, meditationskudde och filt. Om du vill dricka n\u00e5got under yogapasset s\u00e5 kan du ta med en egen vattenflaska. Det serveras te och frukt efter yogapasset.<\/p>\n\n\n\n<h5 class=\"wp-block-heading\">Vad ska jag t\u00e4nka p\u00e5 under passet?<\/h5>\n\n\n\n<p>Under passet ska du fokusera p\u00e5 att k\u00e4nna och uppleva det som h\u00e4nder i din kropp och i ditt sinne. Vi kommer att ha v\u00e5ra \u00f6gon mestadels st\u00e4ngda, dels f\u00f6r att bibeh\u00e5lla fokus och koncentration p\u00e5 det som h\u00e4nder under passet, men ocks\u00e5 f\u00f6r att det \u00e4r \u201cointressant\u201d vad yoga kompisen g\u00f6r bredvid. Den enda som har \u00f6gonen \u00f6ppna under passet \u00e4r l\u00e4raren, dels f\u00f6r att h\u00e5lla koll p\u00e5 tiden f\u00f6r de olika \u00f6vningarna men \u00e4ven f\u00f6r att kunna guida deltagarna p\u00e5 b\u00e4sta s\u00e4tt.<\/p>\n\n\n\n<p>Varje pass brukar ta ca 60 minuter.<\/p>\n\n\n\n<p> <\/p>\n\n\n\n<p><\/p>\n\n\n\n<p>\u00c4r du i intresserad av att boka en tid med mig \u00e4r du v\u00e4lkommen att kontakta mig p\u00e5 yoga@insidemind.se <\/p>","protected":false},"excerpt":{"rendered":"<p>Yoga \u2013 en ur\u00e5ldrig visdom. Yoga \u00e4r en m\u00e5ngtusen\u00e5rig disciplin som skapar balans mellan kropp, sinne och sj\u00e4l f\u00f6r att ge styrka att p\u00e5verka den egna livssituationen i positiv riktning.Yoga erbjuder enkla verktyg som ger \u00f6kad uth\u00e5llighet, kraft, koncentrationsf\u00f6rm\u00e5ga, medvetenhet och medk\u00e4nsla.Alla&#8230;<\/p>","protected":false},"author":1,"featured_media":198,"parent":0,"menu_order":1,"comment_status":"closed","ping_status":"closed","template":"","meta":{"footnotes":""},"class_list":["post-2","page","type-page","status-publish","has-post-thumbnail","hentry"],"_links":{"self":[{"href":"https:\/\/insidemind.se\/en\/wp-json\/wp\/v2\/pages\/2"}],"collection":[{"href":"https:\/\/insidemind.se\/en\/wp-json\/wp\/v2\/pages"}],"about":[{"href":"https:\/\/insidemind.se\/en\/wp-json\/wp\/v2\/types\/page"}],"author":[{"embeddable":true,"href":"https:\/\/insidemind.se\/en\/wp-json\/wp\/v2\/users\/1"}],"replies":[{"embeddable":true,"href":"https:\/\/insidemind.se\/en\/wp-json\/wp\/v2\/comments?post=2"}],"version-history":[{"count":8,"href":"https:\/\/insidemind.se\/en\/wp-json\/wp\/v2\/pages\/2\/revisions"}],"predecessor-version":[{"id":654,"href":"https:\/\/insidemind.se\/en\/wp-json\/wp\/v2\/pages\/2\/revisions\/654"}],"wp:featuredmedia":[{"embeddable":true,"href":"https:\/\/insidemind.se\/en\/wp-json\/wp\/v2\/media\/198"}],"wp:attachment":[{"href":"https:\/\/insidemind.se\/en\/wp-json\/wp\/v2\/media?parent=2"}],"curies":[{"name":"wp","href":"https:\/\/api.w.org\/{rel}","templated":true}]}}