{"id":1400,"date":"2024-07-27T15:11:31","date_gmt":"2024-07-27T13:11:31","guid":{"rendered":"https:\/\/insidemind.se\/?page_id=1400"},"modified":"2024-07-27T15:17:47","modified_gmt":"2024-07-27T13:17:47","slug":"lediga-tjanster","status":"publish","type":"page","link":"https:\/\/insidemind.se\/en\/lediga-tjanster\/","title":{"rendered":"Lediga tj\u00e4nster"},"content":{"rendered":"<div class=\"wp-block-group alignwide is-layout-constrained wp-block-group-is-layout-constrained\" style=\"padding-top:var(--wp--preset--spacing--80);padding-bottom:var(--wp--preset--spacing--80)\">\n<div class=\"wp-block-group is-layout-flow wp-container-core-group-is-layout-1 wp-block-group-is-layout-flow\" style=\"padding-bottom:40px\"><\/div>\n\n\n\n<div class=\"wp-block-columns alignwide is-layout-flex wp-container-core-columns-is-layout-1 wp-block-columns-is-layout-flex\" style=\"padding-top:var(--wp--preset--spacing--40)\">\n<div class=\"wp-block-column has-shadow-dark is-layout-flow wp-block-column-is-layout-flow\" style=\"padding-top:0;padding-right:0;padding-bottom:0;padding-left:0\">\n<div class=\"wp-block-group is-layout-constrained wp-block-group-is-layout-constrained\">\n<figure class=\"wp-block-image aligncenter size-full\"><img decoding=\"async\" src=\"http:\/\/demo.sparklewpthemes.com\/educenter\/wp-content\/uploads\/2020\/12\/about4.jpg\" alt=\"\" class=\"wp-image-695\"\/><\/figure>\n\n\n\n<div class=\"wp-block-group is-layout-constrained wp-container-core-group-is-layout-3 wp-block-group-is-layout-constrained\" style=\"padding-right:2rem;padding-bottom:2rem;padding-left:2rem\">\n<div class=\"wp-block-group icon-box-margin-top-100 is-horizontal is-content-justification-center is-layout-flex wp-container-core-group-is-layout-2 wp-block-group-is-layout-flex\" style=\"margin-top:0;margin-bottom:var(--wp--preset--spacing--40)\"><\/div>\n\n\n\n<h3 class=\"wp-block-heading has-text-align-center has-large-font-size\" style=\"margin-top:0;margin-right:0;margin-bottom:0;margin-left:0;padding-bottom:1.5rem\">Psykologer<\/h3>\n\n\n\n<h2 class=\"wp-block-heading\"><a href=\"https:\/\/insidemind.se\/lediga-jobb\/\" data-type=\"page\" data-id=\"1392\">Nu ut\u00f6kas v\u00e5rt uppdrag p\u00e5 Inside Mind Health Care!<\/a><\/h2>\n\n\n\n<p>Vi bygger successivt ut Inside Mind Health Care f\u00f6r barn och unga samt vuxna med psykisk oh\u00e4lsa och s\u00f6ker nu Dig som \u00e4r legitimerad psykolog och som vill vara med och f\u00f6rebygga, utreda och behandla psykisk oh\u00e4lsa f\u00f6r barn, ungdomar och vuxna.<\/p>\n<\/div>\n<\/div>\n<\/div>\n<\/div>\n<\/div>","protected":false},"excerpt":{"rendered":"<p>Psykologer Nu ut\u00f6kas v\u00e5rt uppdrag p\u00e5 Inside Mind Health Care! Vi bygger successivt ut Inside Mind Health Care f\u00f6r barn och unga samt vuxna med psykisk oh\u00e4lsa och s\u00f6ker nu Dig som \u00e4r legitimerad psykolog och som vill vara med och f\u00f6rebygga,&#8230;<\/p>","protected":false},"author":1,"featured_media":0,"parent":0,"menu_order":0,"comment_status":"closed","ping_status":"closed","template":"","meta":{"footnotes":""},"class_list":["post-1400","page","type-page","status-publish","hentry"],"_links":{"self":[{"href":"https:\/\/insidemind.se\/en\/wp-json\/wp\/v2\/pages\/1400"}],"collection":[{"href":"https:\/\/insidemind.se\/en\/wp-json\/wp\/v2\/pages"}],"about":[{"href":"https:\/\/insidemind.se\/en\/wp-json\/wp\/v2\/types\/page"}],"author":[{"embeddable":true,"href":"https:\/\/insidemind.se\/en\/wp-json\/wp\/v2\/users\/1"}],"replies":[{"embeddable":true,"href":"https:\/\/insidemind.se\/en\/wp-json\/wp\/v2\/comments?post=1400"}],"version-history":[{"count":3,"href":"https:\/\/insidemind.se\/en\/wp-json\/wp\/v2\/pages\/1400\/revisions"}],"predecessor-version":[{"id":1405,"href":"https:\/\/insidemind.se\/en\/wp-json\/wp\/v2\/pages\/1400\/revisions\/1405"}],"wp:attachment":[{"href":"https:\/\/insidemind.se\/en\/wp-json\/wp\/v2\/media?parent=1400"}],"curies":[{"name":"wp","href":"https:\/\/api.w.org\/{rel}","templated":true}]}}