{"id":1392,"date":"2024-07-27T14:17:13","date_gmt":"2024-07-27T12:17:13","guid":{"rendered":"https:\/\/insidemind.se\/?page_id=1392"},"modified":"2024-07-27T14:17:15","modified_gmt":"2024-07-27T12:17:15","slug":"lediga-jobb","status":"publish","type":"page","link":"https:\/\/insidemind.se\/en\/lediga-jobb\/","title":{"rendered":"Lediga jobb"},"content":{"rendered":"<h1 class=\"wp-block-heading\">Psykolog <\/h1>\n\n\n\n<h3 class=\"wp-block-heading\" id=\"pb-job-location\">Korta fakta om jobbet<\/h3>\n\n\n\n<p>Omfattning:&nbsp;Heltid<\/p>\n\n\n\n<p>Varaktighet:&nbsp;6 m\u00e5nader eller l\u00e4ngre<\/p>\n\n\n\n<p>Anst\u00e4llningsform:&nbsp;Tillsvidare- eller tidsbegr\u00e4nsad anst\u00e4llning<\/p>\n\n\n\n<p>Antal jobb:&nbsp;4<\/p>\n\n\n\n<h2 class=\"wp-block-heading\">Kvalifikationer<\/h2>\n\n\n\n<h3 class=\"wp-block-heading\">Arbetslivserfarenhet<\/h3>\n\n\n\n<p>Krav<\/p>\n\n\n\n<ul class=\"wp-block-list\">\n<li>Psykolog &#8211;&nbsp; 2-4 \u00e5rs erfarenhet<\/li>\n<\/ul>\n\n\n\n<h3 class=\"wp-block-heading\">Utbildning<\/h3>\n\n\n\n<p>Krav<\/p>\n\n\n\n<ul class=\"wp-block-list\">\n<li>Eftergymnasial utbildning tv\u00e5 \u00e5r eller l\u00e4ngre inom H\u00e4lso- och sjukv\u00e5rd<\/li>\n<\/ul>\n\n\n\n<h3 class=\"wp-block-heading\">Kompetenser<\/h3>\n\n\n\n<p>Meriterande<\/p>\n\n\n\n<ul class=\"wp-block-list\">\n<li>MS Excel<\/li>\n<\/ul>\n\n\n\n<h3 class=\"wp-block-heading\">Spr\u00e5k<\/h3>\n\n\n\n<p>Krav<\/p>\n\n\n\n<ul class=\"wp-block-list\">\n<li>Svenska<\/li>\n\n\n\n<li>Engelska<\/li>\n<\/ul>\n\n\n\n<p>Meriterande<\/p>\n\n\n\n<ul class=\"wp-block-list\">\n<li>Tyska<\/li>\n<\/ul>\n\n\n\n<h3 class=\"wp-block-heading\">K\u00f6rkort<\/h3>\n\n\n\n<p>Krav<\/p>\n\n\n\n<ul class=\"wp-block-list\">\n<li>B<\/li>\n<\/ul>\n\n\n\n<h2 class=\"wp-block-heading\">Om jobbet<\/h2>\n\n\n\n<p>Nu ut\u00f6kas v\u00e5rt uppdrag p\u00e5 Inside Mind Health Care!<\/p>\n\n\n\n<p>Vi bygger successivt ut Inside Mind Health Care f\u00f6r barn och unga samt vuxna med psykisk oh\u00e4lsa och s\u00f6ker nu Dig som \u00e4r legitimerad psykolog och som vill vara med och f\u00f6rebygga, utreda och behandla psykisk oh\u00e4lsa f\u00f6r barn, ungdomar och vuxna.<\/p>\n\n\n\n<p>Som psykolog arbetar du med behandling individuellt, i grupp och via digitala v\u00e5rdm\u00f6ten. Du ger individuella r\u00e5d, st\u00f6d och behandling till barn och unga med lindrig psykisk oh\u00e4lsa i tidigt skede, exempelvis vid oro, \u00e5ngest, nedst\u00e4mdhet, stress, psykosomatik och relationsproblem. Du ger \u00e4ven f\u00f6r\u00e4ldrast\u00f6d samt samverkar med skola d\u00e5 detta bed\u00f6ms vara av v\u00e4rde. Du f\u00e5r vara med och forts\u00e4tta bygga upp v\u00e5rt digitala st\u00f6dprogram som riktar sig till f\u00f6r\u00e4ldrar och ungdomar. I dina arbetsuppgifter ing\u00e5r bl a f\u00f6ljande uppgifter: kartl\u00e4gga barn, ungdomar och vuxnas psykiskas h\u00e4lsa, g\u00f6ra kvalificerade bed\u00f6mningar och arbetar vidare med relevanta behandlingsinsatser, neuropsykiatriska utredningar, delta i utvecklingsarbete och se \u00f6ver inkommande remisser\/f\u00f6rdela inkommande \u00e4renden tillsammans med psykiater. Vi som arbetar \u00e4r psykologer, sjuksk\u00f6terska, psykiater, psykoterapeut och v\u00e5rdadministrat\u00f6r. Vi arbetar teambaserat och \u00e4r m\u00e5na om att utveckla verksamheten till det b\u00e4ttre. Vi samverkar ofta med skolor och socialtj\u00e4nst.<\/p>\n\n\n\n<p>Vi ser g\u00e4rna att du har erfarenhet av utredning, st\u00f6d och behandling till barn, unga och vuxna med psykisk oh\u00e4lsa samt f\u00f6r\u00e4ldrast\u00f6d.<\/p>\n\n\n\n<p>Du b\u00f6r du ha en god f\u00f6rm\u00e5ga att sj\u00e4lv strukturera, planera och fokusera p\u00e5 ditt arbete. Du har ett stort intresse av arbete med barn, unga och deras familjer.<\/p>\n\n\n\n<p>Du \u00e4r van att jobba i Outlook, Teams, digitala testningar (Q-interactive), Hogrefe ABAS, Vineland mm eller vill l\u00e4ra sig att jobba digitalt.<\/p>\n\n\n\n<p>Du \u00e4r stabil och trygg som person och har en god f\u00f6rm\u00e5ga att lyssna och kommunicera och \u00e4r ocks\u00e5 bra p\u00e5 att s\u00e4tta dig in i n\u00e5gon annans perspektiv eller situation.<\/p>\n\n\n\n<p>Du tycker om att ge adekvata r\u00e5d, har f\u00f6rst\u00e5else f\u00f6r hur andra tar till sig information och har f\u00f6rm\u00e5gan att g\u00f6ra en bed\u00f6mning om fortsatt kontakt. Vi ser g\u00e4rna att du har ett nyt\u00e4nkande i arbetsrelaterade fr\u00e5gor. Vi l\u00e4gger stor vikt vid personlig l\u00e4mplighet.<\/p>\n\n\n\n<p>Vi erbjuder en initial pr\u00f6votid p\u00e5 6 m\u00e5nader som \u00f6verg\u00e5r till en tillsvidareanst\u00e4llning p\u00e5 heltid\/deltid enligt \u00f6verenskommelse.<\/p>\n\n\n\n<p>Vi st\u00e4ller oss positiva till kompetensutveckling och vidareutveckling. \u00c4r du specialistutbildad psykolog kan tex psykologiskt funktionsansvar (PLA) vara en m\u00f6jlighet fram\u00e5t. Som medarbetare hos oss inom Inside Mind Health Care f\u00e5r du tillg\u00e5ng till anst\u00e4llningsf\u00f6rm\u00e5ner.<\/p>\n\n\n\n<p>Har du fr\u00e5gor om tj\u00e4nsten? F\u00f6r att veta mer om tj\u00e4nsten \u00e4r du v\u00e4lkommen att kontakta Alexandra Sass, verksamhetschef, tfn 08 502 462 00 alt. skicka CV, personligt brev till <a href=\"mailto:work@insidemind.se\">work@insidemind.se<\/a><\/p>\n\n\n\n<p>I ett senare skede beh\u00f6ver du \u00e4ven skicka bevis p\u00e5 legitimation samt kurser du har g\u00e5tt, t.ex ADOS, SON-R eller motsvarande, 2 referenser, tidigare arbetsgivarintyg,<\/p>\n\n\n\n<p>Vi tar g\u00e4rna emot samtal fr\u00e5n dig som \u00e4r intresserad av jobbet men tackar nej till dig som s\u00e4ljer annonser och rekryteringstj\u00e4nster.<\/p>\n\n\n\n<p>Sista ans\u00f6kningsdag \u00e4r 26 augusti 2024. Urval och intervjuer kan komma att ske l\u00f6pande. Inf\u00f6r anst\u00e4llning kommer arbetsgivaren att beg\u00e4ra att du visar ett utdrag ur polisen belastningsregister samt fr\u00e5n kontroll via IVO.<\/p>\n\n\n\n<p>V\u00e4lkommen med din ans\u00f6kan!<\/p>\n\n\n\n<h2 class=\"wp-block-heading\">Om anst\u00e4llningen<\/h2>\n\n\n\n<h3 class=\"wp-block-heading\">L\u00f6n<\/h3>\n\n\n\n<p><strong>L\u00f6netyp:<\/strong>&nbsp;Fast och r\u00f6rlig l\u00f6n<\/p>","protected":false},"excerpt":{"rendered":"<p>Psykolog Korta fakta om jobbet Omfattning:&nbsp;Heltid Varaktighet:&nbsp;6 m\u00e5nader eller l\u00e4ngre Anst\u00e4llningsform:&nbsp;Tillsvidare- eller tidsbegr\u00e4nsad anst\u00e4llning Antal jobb:&nbsp;4 Kvalifikationer Arbetslivserfarenhet Krav Utbildning Krav Kompetenser Meriterande Spr\u00e5k Krav Meriterande K\u00f6rkort Krav Om jobbet Nu ut\u00f6kas v\u00e5rt uppdrag p\u00e5 Inside Mind Health Care! Vi bygger successivt&#8230;<\/p>","protected":false},"author":1,"featured_media":0,"parent":0,"menu_order":0,"comment_status":"closed","ping_status":"closed","template":"","meta":{"footnotes":""},"class_list":["post-1392","page","type-page","status-publish","hentry"],"_links":{"self":[{"href":"https:\/\/insidemind.se\/en\/wp-json\/wp\/v2\/pages\/1392"}],"collection":[{"href":"https:\/\/insidemind.se\/en\/wp-json\/wp\/v2\/pages"}],"about":[{"href":"https:\/\/insidemind.se\/en\/wp-json\/wp\/v2\/types\/page"}],"author":[{"embeddable":true,"href":"https:\/\/insidemind.se\/en\/wp-json\/wp\/v2\/users\/1"}],"replies":[{"embeddable":true,"href":"https:\/\/insidemind.se\/en\/wp-json\/wp\/v2\/comments?post=1392"}],"version-history":[{"count":1,"href":"https:\/\/insidemind.se\/en\/wp-json\/wp\/v2\/pages\/1392\/revisions"}],"predecessor-version":[{"id":1393,"href":"https:\/\/insidemind.se\/en\/wp-json\/wp\/v2\/pages\/1392\/revisions\/1393"}],"wp:attachment":[{"href":"https:\/\/insidemind.se\/en\/wp-json\/wp\/v2\/media?parent=1392"}],"curies":[{"name":"wp","href":"https:\/\/api.w.org\/{rel}","templated":true}]}}