{"id":1284,"date":"2023-09-03T14:47:24","date_gmt":"2023-09-03T12:47:24","guid":{"rendered":"https:\/\/insidemind.se\/?page_id=1284"},"modified":"2024-10-17T00:54:57","modified_gmt":"2024-10-16T22:54:57","slug":"arserbjudande-adhd","status":"publish","type":"page","link":"https:\/\/insidemind.se\/en\/arserbjudande-adhd\/","title":{"rendered":"\u00c5rserbjudande ADHD"},"content":{"rendered":"<p>ADHD medicinering f\u00f6r barn och vuxna.<\/p>\n\n\n\n<div id=\"46dda6f4\" class=\"wp-block-tropicalista-pdfembed\" style=\"height:950px\" data-apikey=\"2ffcbc1563f3443ebd73a7e305ab7282\" data-filename=\"Arserbjudande-ADHD-medicinering-for-barn-och-vuxna.pdf\" data-mediaurl=\"https:\/\/insidemind.se\/wp-content\/uploads\/2023\/09\/Arserbjudande-ADHD-medicinering-for-barn-och-vuxna.pdf\" data-embedmode=\"\" data-showdownloadpdf=\"false\" data-showprintpdf=\"true\" data-showpagecontrols=\"true\" data-showfullscreen=\"false\" data-dockpagecontrols=\"false\" data-showannotationtools=\"false\" data-enableformfilling=\"false\"><\/div>\n\n\n\n\n\n<p class=\"has-black-color has-text-color\">Mottagningen \u00e4r bel\u00e4gen p\u00e5 <br><br>Inside Mind Health Care<br>Grev Turegatan 21, 2 v\u00e5n<br>114 38 Stockholm<\/p>\n\n\n\n<p><br><\/p>","protected":false},"excerpt":{"rendered":"<p>ADHD medicinering f\u00f6r barn och vuxna. Mottagningen \u00e4r bel\u00e4gen p\u00e5 Inside Mind Health CareGrev Turegatan 21, 2 v\u00e5n114 38 Stockholm<\/p>","protected":false},"author":1,"featured_media":842,"parent":0,"menu_order":0,"comment_status":"closed","ping_status":"closed","template":"","meta":{"footnotes":""},"class_list":["post-1284","page","type-page","status-publish","has-post-thumbnail","hentry"],"_links":{"self":[{"href":"https:\/\/insidemind.se\/en\/wp-json\/wp\/v2\/pages\/1284"}],"collection":[{"href":"https:\/\/insidemind.se\/en\/wp-json\/wp\/v2\/pages"}],"about":[{"href":"https:\/\/insidemind.se\/en\/wp-json\/wp\/v2\/types\/page"}],"author":[{"embeddable":true,"href":"https:\/\/insidemind.se\/en\/wp-json\/wp\/v2\/users\/1"}],"replies":[{"embeddable":true,"href":"https:\/\/insidemind.se\/en\/wp-json\/wp\/v2\/comments?post=1284"}],"version-history":[{"count":7,"href":"https:\/\/insidemind.se\/en\/wp-json\/wp\/v2\/pages\/1284\/revisions"}],"predecessor-version":[{"id":1408,"href":"https:\/\/insidemind.se\/en\/wp-json\/wp\/v2\/pages\/1284\/revisions\/1408"}],"wp:featuredmedia":[{"embeddable":true,"href":"https:\/\/insidemind.se\/en\/wp-json\/wp\/v2\/media\/842"}],"wp:attachment":[{"href":"https:\/\/insidemind.se\/en\/wp-json\/wp\/v2\/media?parent=1284"}],"curies":[{"name":"wp","href":"https:\/\/api.w.org\/{rel}","templated":true}]}}