{"id":1197,"date":"2022-09-22T16:12:17","date_gmt":"2022-09-22T14:12:17","guid":{"rendered":"https:\/\/insidemind.se\/?page_id=1197"},"modified":"2023-05-16T16:50:32","modified_gmt":"2023-05-16T14:50:32","slug":"prislista","status":"publish","type":"page","link":"https:\/\/insidemind.se\/en\/prislista\/","title":{"rendered":"Prislista 2022-07-01"},"content":{"rendered":"<figure class=\"wp-block-table is-style-stripes\"><table><tbody><tr><td><strong>Tj\u00e4nster<\/strong><\/td><td><strong>Pris<\/strong><\/td><\/tr><tr><td>Konsultation \/ R\u00e5dgivning <\/td><td>1 500 kr (30 min)<\/td><\/tr><tr><td>Nybes\u00f6k (Inledande kartl\u00e4ggning &#8211; f\u00f6rsta bes\u00f6ket)<\/td><td>4 500 kr (90 min)<\/td><\/tr><tr><td>Privat psykoterapi barn<\/td><td>1 250 kr (45 min)<\/td><\/tr><tr><td>Privat psykoterapi vuxen (16+ \u00e5r)<\/td><td>1 700 kr (45 min)<\/td><\/tr><tr><td>Parterapi<\/td><td>2 650 kr (90 min)<\/td><\/tr><tr><td>F\u00f6r\u00e4ldrast\u00f6d<\/td><td>1 700 kr (45 min)<\/td><\/tr><tr><td>EMDR terapi<\/td><td>1 700 kr \/ session<\/td><\/tr><tr><td>L\u00e4karbes\u00f6k \u2013 medicinsk bed\u00f6mning<\/td><td>2 300 kr<\/td><\/tr><tr><td>Telefonuppf\u00f6ljning, 20 min (ej inkluderat i paket)<\/td><td>1 150 kr<\/td><\/tr><tr><td>Individuell samtalsbehandling f\u00f6r ADHD<\/td><td>16 500 kr\/10 sessioner<\/td><\/tr><tr><td>Individuell samtalsbehandling f\u00f6r spelmissbruk<\/td><td>16 500 kr\/10 sessioner<\/td><\/tr><tr><td>Individuell psykologisk behandling &#8211; KBT<\/td><td>15 000 kr\/ 10 sessioner<\/td><\/tr><tr><td>Behandling vid \u00e4tst\u00f6rning<\/td><td>Pris l\u00e4mnas efter inledande bed\u00f6mning<\/td><\/tr><tr><td>Arbetsf\u00f6rm\u00e5gebed\u00f6mning<\/td><td>Pris l\u00e4mnas efter bed\u00f6mningssamtal<\/td><\/tr><tr><td>F\u00f6retagsh\u00e4lsov\u00e5rd och krisst\u00f6d<\/td><td>Pris l\u00e4mnas efter kartl\u00e4ggning<\/td><\/tr><tr><td>Chefscoachning<\/td><td>Pris l\u00e4mnas efter kartl\u00e4ggning<\/td><\/tr><\/tbody><\/table><\/figure>\n\n\n\n<p><\/p>\n\n\n\n<figure class=\"wp-block-table is-style-stripes\"><table><tbody><tr><td><strong>Tj\u00e4nster<\/strong> &#8211; Utredningar<\/td><td><strong>Pris<\/strong><\/td><\/tr><tr><td>Psykologbed\u00f6mning (inkl intyg)<\/td><td>5 000 kr inkl moms<\/td><\/tr><tr><td>Psykiatrisk bed\u00f6mning vid \u00e4tst\u00f6rning<\/td><td>4 500 kr<\/td><\/tr><tr><td>Inledande bed\u00f6mning vid \u00e4tst\u00f6rning<\/td><td>4 500 kr<\/td><\/tr><tr><td>Neuropsykiatrisk utredning &#8211; ADHD Vuxna\/Barn<\/td><td>fr\u00e5n 38 000kr  (inkl nybes\u00f6k)<\/td><\/tr><tr><td>Neuropsykiatrisk utredning &#8211; AST Vuxna\/Barn<\/td><td>fr\u00e5n 42 000 kr (inkl nybes\u00f6k)<\/td><\/tr><tr><td>L\u00e4karbes\u00f6k f\u00f6r drog\/alkoholprov (ej inkluderat i utredning)<\/td><td>Pris l\u00e4mnas efter inledande bed\u00f6mning<\/td><\/tr><\/tbody><\/table><\/figure>\n\n\n\n<p><\/p>\n\n\n\n<figure class=\"wp-block-table is-style-stripes\"><table><tbody><tr><td><strong>Tj\u00e4nster<\/strong> &#8211; Recept<\/td><td><strong>Pris<\/strong><\/td><\/tr><tr><td>Receptf\u00f6rnyelse tidigare k\u00e4nd patient<\/td><td>150 kr \/st  (500 kr \/ 3 m\u00e5nad)<\/td><\/tr><tr><td>Licensmotivering<\/td><td>1 500 kr inkl moms \/ tillf\u00e4lle<\/td><\/tr><\/tbody><\/table><\/figure>\n\n\n\n<p><\/p>\n\n\n\n<figure class=\"wp-block-table is-style-stripes\"><table><tbody><tr><td><strong>Tj\u00e4nster<\/strong> &#8211; LabProver<\/td><td><strong>Pris<\/strong><\/td><\/tr><tr><td> MINI, MIDI, MAXI<\/td><td>595 \/ 1495 \/ 1995 kr<\/td><\/tr><tr><td> Anemi\/Vitamin\/Mineral<\/td><td>1 195 kr<\/td><\/tr><tr><td> \u00c4tst\u00f6rning<\/td><td>1 495 kr<\/td><\/tr><\/tbody><\/table><\/figure>\n\n\n\n<p><\/p>\n\n\n\n<figure class=\"wp-block-table is-style-stripes\"><table><tbody><tr><td><strong>Tj\u00e4nster &#8211; Intyg<\/strong><\/td><td><strong>Pris<\/strong><\/td><\/tr><tr><td>Enklare intyg (reseintyg, intyg till skola, intyg f\u00f6r l\u00e4kemedel, remisser)<\/td><td>1 250 kr inkl moms<\/td><\/tr><tr><td>Omfattande intyg Omv\u00e5rdnadsbidrag Sjukers\u00e4ttning<\/td><td>5000 kr inkl moms<\/td><\/tr><tr><td>L\u00e4karintyg till Plikt- och pr\u00f6vningsverket (Bed\u00f6mning f\u00f6r dig med  ADHD\/ADD-diagnos som vill ans\u00f6ka till polisutbildningen eller F\u00f6rsvarsmakten<\/td><td>18750 kr inkl moms<\/td><\/tr><tr><td>\u00d6vers\u00e4ttningskostnad f\u00f6r Intyg<\/td><td>5000 kr inkl moms<\/td><\/tr><tr><td><\/td><td><\/td><\/tr><\/tbody><\/table><\/figure>\n\n\n\n<p><strong>Avbokning<\/strong><br>Vid f\u00f6rhinder, oavsett orsak, s\u00e5 m\u00e5ste du avboka din tid\u00a0<strong>senast 48 timmar i f\u00f6rv\u00e4g<\/strong>. Om avbokning\u00a0<strong>inte<\/strong>\u00a0skett i tid enligt ovan, debiteras ordinarie pris som avbokningsavgift. Fakturan skickas via e-mail till den som bokade tiden. Avbokningsavgiften g\u00e5r till att t\u00e4cka kostnader f\u00f6r lokal och administration. F\u00f6rhinder meddelas via kontakt@imhc.se eller via telefon till \u00a008 502 46 200. Ange ditt namn, telefonnummer och den tid du vill avboka.<\/p>","protected":false},"excerpt":{"rendered":"<p>Tj\u00e4nster Pris Konsultation \/ R\u00e5dgivning 1 500 kr (30 min) Nybes\u00f6k (Inledande kartl\u00e4ggning &#8211; f\u00f6rsta bes\u00f6ket) 4 500 kr (90 min) Privat psykoterapi barn 1 250 kr (45 min) Privat psykoterapi vuxen (16+ \u00e5r) 1 700 kr (45 min) Parterapi 2 650&#8230;<\/p>","protected":false},"author":1,"featured_media":0,"parent":0,"menu_order":0,"comment_status":"closed","ping_status":"closed","template":"","meta":{"footnotes":""},"class_list":["post-1197","page","type-page","status-publish","hentry"],"_links":{"self":[{"href":"https:\/\/insidemind.se\/en\/wp-json\/wp\/v2\/pages\/1197"}],"collection":[{"href":"https:\/\/insidemind.se\/en\/wp-json\/wp\/v2\/pages"}],"about":[{"href":"https:\/\/insidemind.se\/en\/wp-json\/wp\/v2\/types\/page"}],"author":[{"embeddable":true,"href":"https:\/\/insidemind.se\/en\/wp-json\/wp\/v2\/users\/1"}],"replies":[{"embeddable":true,"href":"https:\/\/insidemind.se\/en\/wp-json\/wp\/v2\/comments?post=1197"}],"version-history":[{"count":21,"href":"https:\/\/insidemind.se\/en\/wp-json\/wp\/v2\/pages\/1197\/revisions"}],"predecessor-version":[{"id":1263,"href":"https:\/\/insidemind.se\/en\/wp-json\/wp\/v2\/pages\/1197\/revisions\/1263"}],"wp:attachment":[{"href":"https:\/\/insidemind.se\/en\/wp-json\/wp\/v2\/media?parent=1197"}],"curies":[{"name":"wp","href":"https:\/\/api.w.org\/{rel}","templated":true}]}}