{"id":1157,"date":"2021-07-20T00:54:38","date_gmt":"2021-07-19T22:54:38","guid":{"rendered":"https:\/\/insidemind.se\/?page_id=1157"},"modified":"2022-09-24T07:31:01","modified_gmt":"2022-09-24T05:31:01","slug":"avtal-for-fullstandiga-neuropsykiatriska-utredningar","status":"publish","type":"page","link":"https:\/\/insidemind.se\/en\/avtal-for-fullstandiga-neuropsykiatriska-utredningar\/","title":{"rendered":"Avtal f\u00f6r fullst\u00e4ndiga neuropsykiatriska utredningar"},"content":{"rendered":"<p><br>Nu kan <a href=\"http:\/\/www.insidemind.se\">Inside Mind Health Care<\/a> via fritt v\u00e5rdval och riksavtalet erbjuder fullst\u00e4ndiga neuropsykiatriska utredningar f\u00f6r barn, ungdomar och vuxna.<\/p>\n\n\n\n<p>Det inneb\u00e4r att patienter numera kan komma till Inside Mind Health Care genom det fria v\u00e5rdvalet.&nbsp;<\/p>\n\n\n\n<p>Du s\u00f6ker med remiss fr\u00e5n v\u00e5rdpersonal inom BUP, vuxenpsykiatrin eller Habiliteringen. Vuxna patienter betalar enbart patientavgift om 250 kr per bes\u00f6k (frikort g\u00e4ller), f\u00f6r barn och ungdomar \u00e4r bes\u00f6ken avgiftsfria.\u00a0<\/p>\n\n\n\n<p>Vi utreder vuxna och barn och ungdomar fr\u00e5n hela landet under f\u00f6ruts\u00e4ttning att man \u00e4r folkbokf\u00f6rd i Sverige och har en remiss fr\u00e5n barn- ungdomspsykiatrin, vuxenpsykiatrin eller habiliteringen. Du kan l\u00e4sa mer om det fria h\u00e4lsovalet h\u00e4r:<\/p>\n\n\n\n<p><a href=\"https:\/\/www.1177.se\/sa-fungerar-varden\/att-valja-vardmottagning\/valja-vardmottagning\/\">https:\/\/www.1177.se\/sa-fungerar-varden\/att-valja-vardmottagning\/valja-vardmottagning\/<\/a><\/p>\n\n\n\n<p>Nya klienter \u00e4r v\u00e4lkomna att skicka en egenanm\u00e4lan eller st\u00e4lla \u00f6vriga fr\u00e5gor via&nbsp;<a rel=\"noreferrer noopener\" href=\"mailto:kontakt@insidemind.se\" target=\"_blank\">kontakt@insidemind.se<\/a>&nbsp;alternativt via telefon p\u00e5 +46 707 707 839.<\/p>","protected":false},"excerpt":{"rendered":"<p>Nu kan Inside Mind Health Care via fritt v\u00e5rdval och riksavtalet erbjuder fullst\u00e4ndiga neuropsykiatriska utredningar f\u00f6r barn, ungdomar och vuxna. Det inneb\u00e4r att patienter numera kan komma till Inside Mind Health Care genom det fria v\u00e5rdvalet.&nbsp; Du s\u00f6ker med remiss fr\u00e5n v\u00e5rdpersonal&#8230;<\/p>","protected":false},"author":1,"featured_media":926,"parent":0,"menu_order":0,"comment_status":"closed","ping_status":"closed","template":"","meta":{"footnotes":""},"class_list":["post-1157","page","type-page","status-publish","has-post-thumbnail","hentry"],"_links":{"self":[{"href":"https:\/\/insidemind.se\/en\/wp-json\/wp\/v2\/pages\/1157"}],"collection":[{"href":"https:\/\/insidemind.se\/en\/wp-json\/wp\/v2\/pages"}],"about":[{"href":"https:\/\/insidemind.se\/en\/wp-json\/wp\/v2\/types\/page"}],"author":[{"embeddable":true,"href":"https:\/\/insidemind.se\/en\/wp-json\/wp\/v2\/users\/1"}],"replies":[{"embeddable":true,"href":"https:\/\/insidemind.se\/en\/wp-json\/wp\/v2\/comments?post=1157"}],"version-history":[{"count":5,"href":"https:\/\/insidemind.se\/en\/wp-json\/wp\/v2\/pages\/1157\/revisions"}],"predecessor-version":[{"id":1207,"href":"https:\/\/insidemind.se\/en\/wp-json\/wp\/v2\/pages\/1157\/revisions\/1207"}],"wp:featuredmedia":[{"embeddable":true,"href":"https:\/\/insidemind.se\/en\/wp-json\/wp\/v2\/media\/926"}],"wp:attachment":[{"href":"https:\/\/insidemind.se\/en\/wp-json\/wp\/v2\/media?parent=1157"}],"curies":[{"name":"wp","href":"https:\/\/api.w.org\/{rel}","templated":true}]}}