{"id":1111,"date":"2020-11-09T18:23:26","date_gmt":"2020-11-09T17:23:26","guid":{"rendered":"https:\/\/insidemind.se\/?page_id=1111"},"modified":"2023-12-07T22:17:38","modified_gmt":"2023-12-07T21:17:38","slug":"adhd-mottagning","status":"publish","type":"page","link":"https:\/\/insidemind.se\/en\/adhd-mottagning\/","title":{"rendered":"ADHD mottagning"},"content":{"rendered":"<p><br><br><strong>Inside Mind Health Care <\/strong>\u00e4r en privat psykiatrisk mottagning  bel\u00e4gen p\u00e5 \u00d6stermalm i Stockholm och erbjuder utredning av neuropsykiatriska tillst\u00e5nd s\u00e5som <strong>ADHD, Autism och IF<\/strong> (intellektuell funktionsneds\u00e4ttning) och s\u00e4rbeg\u00e5vning.<br><br>M\u00e5ls\u00e4ttningen \u00e4r att erbjuda <strong>h\u00f6gkvalitativ och professionell v\u00e5rd<\/strong>, anpassad och utformad efter dina behov. F\u00f6r oss \u00e4r det viktigt att du som klient upplever att du \u00e4r delaktig under hela utredningsprocessen och behandling. <br>Utredningen g\u00f6rs av specialistl\u00e4kare i psykiatri, neuropsykiater och psykologer med gedigen spetskompetens och klinisk erfarenhet av att utreda barn, ungdomar och vuxna.<br><br>Inside Mind Health Care erbjuder \u00e4ven <strong>medicinsk behandling <\/strong>och <strong>psykoterapi f\u00f6r barn och vuxna med ADHD<\/strong> efter avslutad utredning. <br>\u00c4ven klienter som tidigare har genomg\u00e5tt en utredning och \u00e4r i behov av <strong>farmakologisk behandling<\/strong> erbjuds en snabb tid f\u00f6r bed\u00f6mning hos en av v\u00e5ra specialistl\u00e4kare.<br><br>Vi str\u00e4var efter att erbjuda v\u00e5ra klienter <strong>h\u00f6g tillg\u00e4nglighet, spetskompetens i alla led, personligt omh\u00e4ndertagande, omtanke och diskretion.<\/strong><br><br><strong>Kontinuitet fr\u00e4mjar personligt och professionellt ansvarstagande<\/strong> och utg\u00f6r en central punkt i alla v\u00e5ra behandling. <br>L\u00e4s mer p\u00e5 : <a rel=\"noreferrer noopener\" href=\"https:\/\/ki.se\/forskning\/adhd-diagnos-som-vacker-kanslor\" target=\"_blank\">https:\/\/ki.se\/forskning\/adhd-diagnos-som-vacker-kanslor<\/a><br><br><strong>ADHD mottagningen<\/strong> \u00e4r tillg\u00e4nglig f\u00f6r dig som \u00e4r i behov av nyins\u00e4ttning av ADHD medicin, fortsatt uppf\u00f6ljning av din medicinering, receptf\u00f6rnyelse, sjukskrivning, h\u00e4lsounders\u00f6kningar och psykoterapi. <\/p>\n\n\n\n<p>Vi har \u00e4ven ett \u00c5rserbjudande f\u00f6r v\u00e5ra befintliga och nya klienter som du kan l\u00e4sa mer om <a href=\"http:\/\/www.insidemind.se\/arserbjudande\">h\u00e4r<\/a><br><a href=\"http:\/\/www.insidemind.se\/arserbjudande\"><br><\/a><br><a href=\"http:\/\/www.insidemind.se\/egenanmalan\">Boka din tid p\u00e5 ADHD mottagningen genom att g\u00f6ra en egenanm\u00e4lan<\/a> <\/p>","protected":false},"excerpt":{"rendered":"<p>Inside Mind Health Care \u00e4r en privat psykiatrisk mottagning bel\u00e4gen p\u00e5 \u00d6stermalm i Stockholm och erbjuder utredning av neuropsykiatriska tillst\u00e5nd s\u00e5som ADHD, Autism och IF (intellektuell funktionsneds\u00e4ttning) och s\u00e4rbeg\u00e5vning. M\u00e5ls\u00e4ttningen \u00e4r att erbjuda h\u00f6gkvalitativ och professionell v\u00e5rd, anpassad och utformad efter dina&#8230;<\/p>","protected":false},"author":3,"featured_media":1116,"parent":0,"menu_order":0,"comment_status":"closed","ping_status":"closed","template":"","meta":{"footnotes":""},"class_list":["post-1111","page","type-page","status-publish","has-post-thumbnail","hentry"],"_links":{"self":[{"href":"https:\/\/insidemind.se\/en\/wp-json\/wp\/v2\/pages\/1111"}],"collection":[{"href":"https:\/\/insidemind.se\/en\/wp-json\/wp\/v2\/pages"}],"about":[{"href":"https:\/\/insidemind.se\/en\/wp-json\/wp\/v2\/types\/page"}],"author":[{"embeddable":true,"href":"https:\/\/insidemind.se\/en\/wp-json\/wp\/v2\/users\/3"}],"replies":[{"embeddable":true,"href":"https:\/\/insidemind.se\/en\/wp-json\/wp\/v2\/comments?post=1111"}],"version-history":[{"count":10,"href":"https:\/\/insidemind.se\/en\/wp-json\/wp\/v2\/pages\/1111\/revisions"}],"predecessor-version":[{"id":1387,"href":"https:\/\/insidemind.se\/en\/wp-json\/wp\/v2\/pages\/1111\/revisions\/1387"}],"wp:featuredmedia":[{"embeddable":true,"href":"https:\/\/insidemind.se\/en\/wp-json\/wp\/v2\/media\/1116"}],"wp:attachment":[{"href":"https:\/\/insidemind.se\/en\/wp-json\/wp\/v2\/media?parent=1111"}],"curies":[{"name":"wp","href":"https:\/\/api.w.org\/{rel}","templated":true}]}}