{"id":110,"date":"2019-09-29T22:21:52","date_gmt":"2019-09-29T20:21:52","guid":{"rendered":"https:\/\/insidemind.se\/?page_id=110"},"modified":"2020-11-07T21:44:40","modified_gmt":"2020-11-07T20:44:40","slug":"om-oss","status":"publish","type":"page","link":"https:\/\/insidemind.se\/en\/om-oss\/","title":{"rendered":"Om oss"},"content":{"rendered":"<p><em>InsideMind AB \u00e4r en privat l\u00e4karmottagning och grundades 2019 av den nuvarande VD och verksamhetschefen, dr Alexandra Sass. <\/em><br><br><em>Sedan 2019 har verksamheten ut\u00f6kats med:<\/em><br>&#8211;<em> Privat psykoterapi, <br>&#8211; Privata neuropsykiatriska utredningar (ADHD, Autism) f\u00f6r barn och vuxna, <\/em> <br>&#8211; <em>F\u00f6retagsh\u00e4lsov\u00e5rd<\/em><br>&#8211;<em> Coaching <\/em><br>&#8211; <em>H\u00e4lsounders\u00f6kningar<\/em><br>&#8211; <em>Arbetsf\u00f6rem\u00e5geutredning<\/em><br>&#8211; <em>Kognitiva utredningar, <\/em><br>&#8211;<em> Mindfulness<\/em><br>&#8211; <em>ACT<br>&#8211; Traumabehandling (Prolonged Exposure och EMDR)<\/em><br><em>f\u00f6r att kunna jobba mer integrativt med v\u00e5ra klienters aktuella behov.<\/em><\/p>\n\n\n\n<p><em>Mottagningen har idag l\u00e4kare med specialistkompetens inom allm\u00e4npsykiatri, barnpsykiatri, psykoterapeut, psykolog, socionom och arbetsterapeut samt Mindfulness, MediYoga och Yin Yoga l\u00e4rare.<\/em><\/p>\n\n\n\n<p><em>Jag \u00e4r legitimerad l\u00e4kare, specialist i psykiatri, har grundutbildning i psykoterapi med kognitiv beteende terapeutisk inriktning (steg-1 KBT), MBA &#8211; Management and Business Administation.<\/em><br><em>Vidare \u00e4r jag utbildad EMDR terapeut<\/em>,<em> MediYoga och YinYoga l\u00e4rare samt MBSR<\/em> (<em>Mindfulness Based Stress Reduction) instrukt\u00f6r.\u00a0<\/em><\/p>\n\n\n\n<p><em>Hos mig \u00e4r den enskilde individens behov i fokus och jag jobbar i f\u00f6rsta hand med att skapa ett unikt behandlingsuppl\u00e4gg som passar just Dig och Dina behov. InsideMind erbjuder \u00e4ven v\u00e5rdpersonal st\u00f6d och behandling.<\/em><\/p>\n\n\n\n<p><em>F\u00f6r mig \u00e4r det naturligt att klienten ska k\u00e4nna att hen \u00e4r i fokus, att behandlingen k\u00e4nns s\u00e4ker och trygg samt att bem\u00f6tandet \u00e4r professionellt och korrekt.&nbsp;<\/em><\/p>\n\n\n\n<p><em>Under bed\u00f6mningssamtal och kartl\u00e4ggning \u00e4r jag ytterst m\u00e5n om att vara strukturerad, tydlig, respektfull, engagerad och kommunikativ d\u00e5 dialog \u00e4r mitt fr\u00e4msta verktyg.&nbsp;<\/em><br><\/p>\n\n\n\n<figure class=\"wp-block-image\"><img decoding=\"async\" src=\"http:\/\/medensit.se\/wp-content\/uploads\/2019\/03\/IMG_6468-e1557013424434-229x300.jpg\" alt=\"\" class=\"wp-image-39\"\/><\/figure>\n\n\n\n<p>Alexandra Sass, Verksamhetschef InsideMind Health Care<\/p>","protected":false},"excerpt":{"rendered":"<p>InsideMind AB \u00e4r en privat l\u00e4karmottagning och grundades 2019 av den nuvarande VD och verksamhetschefen, dr Alexandra Sass. Sedan 2019 har verksamheten ut\u00f6kats med:&#8211; Privat psykoterapi, &#8211; Privata neuropsykiatriska utredningar (ADHD, Autism) f\u00f6r barn och vuxna, &#8211; F\u00f6retagsh\u00e4lsov\u00e5rd&#8211; Coaching &#8211; H\u00e4lsounders\u00f6kningar&#8211; Arbetsf\u00f6rem\u00e5geutredning&#8211;&#8230;<\/p>","protected":false},"author":1,"featured_media":0,"parent":0,"menu_order":0,"comment_status":"closed","ping_status":"closed","template":"","meta":{"footnotes":""},"class_list":["post-110","page","type-page","status-publish","hentry"],"_links":{"self":[{"href":"https:\/\/insidemind.se\/en\/wp-json\/wp\/v2\/pages\/110"}],"collection":[{"href":"https:\/\/insidemind.se\/en\/wp-json\/wp\/v2\/pages"}],"about":[{"href":"https:\/\/insidemind.se\/en\/wp-json\/wp\/v2\/types\/page"}],"author":[{"embeddable":true,"href":"https:\/\/insidemind.se\/en\/wp-json\/wp\/v2\/users\/1"}],"replies":[{"embeddable":true,"href":"https:\/\/insidemind.se\/en\/wp-json\/wp\/v2\/comments?post=110"}],"version-history":[{"count":7,"href":"https:\/\/insidemind.se\/en\/wp-json\/wp\/v2\/pages\/110\/revisions"}],"predecessor-version":[{"id":1106,"href":"https:\/\/insidemind.se\/en\/wp-json\/wp\/v2\/pages\/110\/revisions\/1106"}],"wp:attachment":[{"href":"https:\/\/insidemind.se\/en\/wp-json\/wp\/v2\/media?parent=110"}],"curies":[{"name":"wp","href":"https:\/\/api.w.org\/{rel}","templated":true}]}}